{"id":1002,"date":"2025-03-12T10:09:59","date_gmt":"2025-03-12T02:09:59","guid":{"rendered":"https:\/\/dry-ice-machines.com\/?page_id=1002"},"modified":"2025-03-12T10:15:48","modified_gmt":"2025-03-12T02:15:48","slug":"information-about-dry-ice","status":"publish","type":"page","link":"https:\/\/dry-ice-machines.com\/pt\/information-about-dry-ice\/","title":{"rendered":"Informa\u00e7\u00f5es gerais sobre gelo seco"},"content":{"rendered":"<style>.kt-accordion-id1002_47a79b-6c .kt-accordion-inner-wrap{column-gap:var(--global-kb-gap-md, 2rem);row-gap:10px;}.kt-accordion-id1002_47a79b-6c .kt-accordion-panel-inner{border-top:0px solid transparent;border-right:1px solid transparent;border-bottom:1px solid transparent;border-left:1px solid transparent;background:#ffffff;padding-top:var(--global-kb-spacing-sm, 1.5rem);padding-right:var(--global-kb-spacing-sm, 1.5rem);padding-bottom:var(--global-kb-spacing-sm, 1.5rem);padding-left:var(--global-kb-spacing-sm, 1.5rem);}.kt-accordion-id1002_47a79b-6c > .kt-accordion-inner-wrap > .wp-block-kadence-pane > .kt-accordion-header-wrap > .kt-blocks-accordion-header{border-top:1px solid #eeeeee;border-right:1px solid #eeeeee;border-bottom:1px solid #eeeeee;border-left:2px solid #eeeeee;border-top-left-radius:0px;border-top-right-radius:0px;border-bottom-right-radius:0px;border-bottom-left-radius:0px;background:#ffffff;color:#444444;padding-top:14px;padding-right:16px;padding-bottom:14px;padding-left:16px;}.kt-accordion-id1002_47a79b-6c:not( .kt-accodion-icon-style-basiccircle ):not( .kt-accodion-icon-style-xclosecircle ):not( .kt-accodion-icon-style-arrowcircle )  > .kt-accordion-inner-wrap > .wp-block-kadence-pane > .kt-accordion-header-wrap .kt-blocks-accordion-icon-trigger:after, .kt-accordion-id1002_47a79b-6c:not( .kt-accodion-icon-style-basiccircle ):not( .kt-accodion-icon-style-xclosecircle ):not( .kt-accodion-icon-style-arrowcircle )  > .kt-accordion-inner-wrap > .wp-block-kadence-pane > .kt-accordion-header-wrap .kt-blocks-accordion-icon-trigger:before{background:#444444;}.kt-accordion-id1002_47a79b-6c:not( .kt-accodion-icon-style-basic ):not( .kt-accodion-icon-style-xclose ):not( .kt-accodion-icon-style-arrow ) .kt-blocks-accordion-icon-trigger{background:#444444;}.kt-accordion-id1002_47a79b-6c:not( .kt-accodion-icon-style-basic ):not( .kt-accodion-icon-style-xclose ):not( .kt-accodion-icon-style-arrow ) .kt-blocks-accordion-icon-trigger:after, .kt-accordion-id1002_47a79b-6c:not( .kt-accodion-icon-style-basic ):not( .kt-accodion-icon-style-xclose ):not( .kt-accodion-icon-style-arrow ) .kt-blocks-accordion-icon-trigger:before{background:#ffffff;}.kt-accordion-id1002_47a79b-6c > .kt-accordion-inner-wrap > .wp-block-kadence-pane > .kt-accordion-header-wrap > .kt-blocks-accordion-header:hover,  \t\t\t\tbody:not(.hide-focus-outline) .kt-accordion-id1002_47a79b-6c .kt-blocks-accordion-header:focus-visible{color:#444444;background:#ffffff;border-top-color:#d4d4d4;border-top-style:solid;border-right-color:#d4d4d4;border-right-style:solid;border-bottom-color:#d4d4d4;border-bottom-style:solid;border-left-color:#d4d4d4;border-left-style:solid;}.kt-accordion-id1002_47a79b-6c:not( .kt-accodion-icon-style-basiccircle ):not( .kt-accodion-icon-style-xclosecircle ):not( .kt-accodion-icon-style-arrowcircle ) .kt-accordion-header-wrap .kt-blocks-accordion-header:hover .kt-blocks-accordion-icon-trigger:after, .kt-accordion-id1002_47a79b-6c:not( .kt-accodion-icon-style-basiccircle ):not( .kt-accodion-icon-style-xclosecircle ):not( .kt-accodion-icon-style-arrowcircle ) .kt-accordion-header-wrap .kt-blocks-accordion-header:hover .kt-blocks-accordion-icon-trigger:before, body:not(.hide-focus-outline) .kt-accordion-id1002_47a79b-6c:not( .kt-accodion-icon-style-basiccircle ):not( .kt-accodion-icon-style-xclosecircle ):not( .kt-accodion-icon-style-arrowcircle ) .kt-blocks-accordion--visible .kt-blocks-accordion-icon-trigger:after, body:not(.hide-focus-outline) .kt-accordion-id1002_47a79b-6c:not( .kt-accodion-icon-style-basiccircle ):not( .kt-accodion-icon-style-xclosecircle ):not( .kt-accodion-icon-style-arrowcircle ) .kt-blocks-accordion-header:focus-visible .kt-blocks-accordion-icon-trigger:before{background:#444444;}.kt-accordion-id1002_47a79b-6c:not( .kt-accodion-icon-style-basic ):not( .kt-accodion-icon-style-xclose ):not( .kt-accodion-icon-style-arrow ) .kt-accordion-header-wrap .kt-blocks-accordion-header:hover .kt-blocks-accordion-icon-trigger, body:not(.hide-focus-outline) .kt-accordion-id1002_47a79b-6c:not( .kt-accodion-icon-style-basic ):not( .kt-accodion-icon-style-xclose ):not( .kt-accodion-icon-style-arrow ) .kt-accordion-header-wrap .kt-blocks-accordion-header:focus-visible .kt-blocks-accordion-icon-trigger{background:#444444;}.kt-accordion-id1002_47a79b-6c:not( .kt-accodion-icon-style-basic ):not( .kt-accodion-icon-style-xclose ):not( .kt-accodion-icon-style-arrow ) .kt-accordion-header-wrap .kt-blocks-accordion-header:hover .kt-blocks-accordion-icon-trigger:after, .kt-accordion-id1002_47a79b-6c:not( .kt-accodion-icon-style-basic ):not( .kt-accodion-icon-style-xclose ):not( .kt-accodion-icon-style-arrow ) .kt-accordion-header-wrap .kt-blocks-accordion-header:hover .kt-blocks-accordion-icon-trigger:before, body:not(.hide-focus-outline) .kt-accordion-id1002_47a79b-6c:not( .kt-accodion-icon-style-basic ):not( .kt-accodion-icon-style-xclose ):not( .kt-accodion-icon-style-arrow ) .kt-accordion-header-wrap .kt-blocks-accordion-header:focus-visible .kt-blocks-accordion-icon-trigger:after, body:not(.hide-focus-outline) .kt-accordion-id1002_47a79b-6c:not( .kt-accodion-icon-style-basic ):not( .kt-accodion-icon-style-xclose ):not( .kt-accodion-icon-style-arrow ) .kt-accordion-header-wrap .kt-blocks-accordion-header:focus-visible .kt-blocks-accordion-icon-trigger:before{background:#ffffff;}.kt-accordion-id1002_47a79b-6c .kt-accordion-header-wrap .kt-blocks-accordion-header:focus-visible, \t\t\t\t.kt-accordion-id1002_47a79b-6c > .kt-accordion-inner-wrap > .wp-block-kadence-pane > .kt-accordion-header-wrap > .kt-blocks-accordion-header.kt-accordion-panel-active{color:#444444;background:#ffffff;border-top-color:#eeeeee;border-top-style:solid;border-right-color:#eeeeee;border-right-style:solid;border-bottom-color:#eeeeee;border-bottom-style:solid;border-left-color:#0e9cd1;border-left-style:solid;}.kt-accordion-id1002_47a79b-6c:not( .kt-accodion-icon-style-basiccircle ):not( .kt-accodion-icon-style-xclosecircle ):not( .kt-accodion-icon-style-arrowcircle )  > .kt-accordion-inner-wrap > .wp-block-kadence-pane > .kt-accordion-header-wrap > .kt-blocks-accordion-header.kt-accordion-panel-active .kt-blocks-accordion-icon-trigger:after, .kt-accordion-id1002_47a79b-6c:not( .kt-accodion-icon-style-basiccircle ):not( .kt-accodion-icon-style-xclosecircle ):not( .kt-accodion-icon-style-arrowcircle )  > .kt-accordion-inner-wrap > .wp-block-kadence-pane > .kt-accordion-header-wrap > .kt-blocks-accordion-header.kt-accordion-panel-active .kt-blocks-accordion-icon-trigger:before{background:#444444;}.kt-accordion-id1002_47a79b-6c:not( .kt-accodion-icon-style-basic ):not( .kt-accodion-icon-style-xclose ):not( .kt-accodion-icon-style-arrow ) .kt-blocks-accordion-header.kt-accordion-panel-active .kt-blocks-accordion-icon-trigger{background:#444444;}.kt-accordion-id1002_47a79b-6c:not( .kt-accodion-icon-style-basic ):not( .kt-accodion-icon-style-xclose ):not( .kt-accodion-icon-style-arrow ) .kt-blocks-accordion-header.kt-accordion-panel-active .kt-blocks-accordion-icon-trigger:after, .kt-accordion-id1002_47a79b-6c:not( .kt-accodion-icon-style-basic ):not( .kt-accodion-icon-style-xclose ):not( .kt-accodion-icon-style-arrow ) .kt-blocks-accordion-header.kt-accordion-panel-active .kt-blocks-accordion-icon-trigger:before{background:#ffffff;}@media all and (max-width: 1024px){.kt-accordion-id1002_47a79b-6c .kt-accordion-panel-inner{border-top:0px solid transparent;border-right:1px solid transparent;border-bottom:1px solid transparent;border-left:1px solid transparent;}}@media all and (max-width: 1024px){.kt-accordion-id1002_47a79b-6c > .kt-accordion-inner-wrap > .wp-block-kadence-pane > .kt-accordion-header-wrap > .kt-blocks-accordion-header{border-top:1px solid #eeeeee;border-right:1px solid #eeeeee;border-bottom:1px solid #eeeeee;border-left:2px solid #eeeeee;}}@media all and (max-width: 1024px){.kt-accordion-id1002_47a79b-6c > .kt-accordion-inner-wrap > .wp-block-kadence-pane > .kt-accordion-header-wrap > .kt-blocks-accordion-header:hover,  \t\t\t\tbody:not(.hide-focus-outline) .kt-accordion-id1002_47a79b-6c .kt-blocks-accordion-header:focus-visible{border-top-color:#d4d4d4;border-top-style:solid;border-right-color:#d4d4d4;border-right-style:solid;border-bottom-color:#d4d4d4;border-bottom-style:solid;border-left-color:#d4d4d4;border-left-style:solid;}}@media all and (max-width: 1024px){.kt-accordion-id1002_47a79b-6c .kt-accordion-header-wrap .kt-blocks-accordion-header:focus-visible, \t\t\t\t.kt-accordion-id1002_47a79b-6c > .kt-accordion-inner-wrap > .wp-block-kadence-pane > .kt-accordion-header-wrap > .kt-blocks-accordion-header.kt-accordion-panel-active{border-top-color:#eeeeee;border-top-style:solid;border-right-color:#eeeeee;border-right-style:solid;border-bottom-color:#eeeeee;border-bottom-style:solid;border-left-color:#0e9cd1;border-left-style:solid;}}@media all and (max-width: 767px){.kt-accordion-id1002_47a79b-6c .kt-accordion-inner-wrap{display:block;}.kt-accordion-id1002_47a79b-6c .kt-accordion-inner-wrap .kt-accordion-pane:not(:first-child){margin-top:10px;}.kt-accordion-id1002_47a79b-6c .kt-accordion-panel-inner{border-top:0px solid transparent;border-right:1px solid transparent;border-bottom:1px solid transparent;border-left:1px solid transparent;}.kt-accordion-id1002_47a79b-6c > .kt-accordion-inner-wrap > .wp-block-kadence-pane > .kt-accordion-header-wrap > .kt-blocks-accordion-header{border-top:1px solid #eeeeee;border-right:1px solid #eeeeee;border-bottom:1px solid #eeeeee;border-left:2px solid #eeeeee;}.kt-accordion-id1002_47a79b-6c > .kt-accordion-inner-wrap > .wp-block-kadence-pane > .kt-accordion-header-wrap > .kt-blocks-accordion-header:hover,  \t\t\t\tbody:not(.hide-focus-outline) .kt-accordion-id1002_47a79b-6c .kt-blocks-accordion-header:focus-visible{border-top-color:#d4d4d4;border-top-style:solid;border-right-color:#d4d4d4;border-right-style:solid;border-bottom-color:#d4d4d4;border-bottom-style:solid;border-left-color:#d4d4d4;border-left-style:solid;}.kt-accordion-id1002_47a79b-6c .kt-accordion-header-wrap .kt-blocks-accordion-header:focus-visible, \t\t\t\t.kt-accordion-id1002_47a79b-6c > .kt-accordion-inner-wrap > .wp-block-kadence-pane > .kt-accordion-header-wrap > .kt-blocks-accordion-header.kt-accordion-panel-active{border-top-color:#eeeeee;border-top-style:solid;border-right-color:#eeeeee;border-right-style:solid;border-bottom-color:#eeeeee;border-bottom-style:solid;border-left-color:#0e9cd1;border-left-style:solid;}}<\/style> <div class=\"wp-block-kadence-accordion alignnone\"><div class=\"kt-accordion-wrap kt-accordion-id1002_47a79b-6c kt-accordion-has-9-panes kt-active-pane-0 kt-accordion-block kt-pane-header-alignment-left kt-accodion-icon-style-arrow kt-accodion-icon-side-right\" style=\"max-width:none\"><div class=\"kt-accordion-inner-wrap\" data-allow-multiple-open=\"false\" data-start-open=\"0\"> <div class=\"wp-block-kadence-pane kt-accordion-pane kt-accordion-pane-1 kt-pane1002_8ecd48-75\"><div class=\"kt-accordion-header-wrap\"><button class=\"kt-blocks-accordion-header kt-acccordion-button-label-show\" type=\"button\"><span class=\"kt-blocks-accordion-title-wrap\"><span class=\"kt-blocks-accordion-title\">O que \u00e9 gelo seco?<\/span><\/span><span class=\"kt-blocks-accordion-icon-trigger\"><\/span><\/button><\/div><div class=\"kt-accordion-panel kt-accordion-panel-hidden\"><div class=\"kt-accordion-panel-inner\"> <p>O gelo seco \u00e9 um di\u00f3xido de carbono s\u00f3lido que sublimar\u00e1 diretamente de um estado s\u00f3lido a um estado gasoso \u00e0 temperatura ambiente sem passar por um estado l\u00edquido. O gelo seco tem uma temperatura de -78,5 \u00b0 C (-109,3 \u00b0 F), temperaturas extremamente baixas o tornam um l\u00edquido de arrefecimento eficiente.<\/p> <\/div><\/div><\/div>    <div class=\"wp-block-kadence-pane kt-accordion-pane kt-accordion-pane-9 kt-pane1002_8a2c96-45\"><div class=\"kt-accordion-header-wrap\"><button class=\"kt-blocks-accordion-header kt-acccordion-button-label-show\" type=\"button\"><span class=\"kt-blocks-accordion-title-wrap\"><span class=\"kt-blocks-accordion-title\">Como produzir gelo seco?<\/span><\/span><span class=\"kt-blocks-accordion-icon-trigger\"><\/span><\/button><\/div><div class=\"kt-accordion-panel kt-accordion-panel-hidden\"><div class=\"kt-accordion-panel-inner\"> <p>O gelo seco \u00e9 feito de di\u00f3xido de carbono l\u00edquido, que \u00e9 expandido e resfriado para formar a neve de co\u2082, e eles s\u00e3o comprimidos sob alta press\u00e3o em blocos, gr\u00e2nulos ou flocos de gelo seco.<\/p> <\/div><\/div><\/div>    <div class=\"wp-block-kadence-pane kt-accordion-pane kt-accordion-pane-5 kt-pane1002_712177-fa\"><div class=\"kt-accordion-header-wrap\"><button class=\"kt-blocks-accordion-header kt-acccordion-button-label-show\" type=\"button\"><span class=\"kt-blocks-accordion-title-wrap\"><span class=\"kt-blocks-accordion-title\">O gelo seco derrete?<\/span><\/span><span class=\"kt-blocks-accordion-icon-trigger\"><\/span><\/button><\/div><div class=\"kt-accordion-panel kt-accordion-panel-hidden\"><div class=\"kt-accordion-panel-inner\"> <p>O gelo seco n\u00e3o \"derrete\", mas sublima diretamente em um g\u00e1s. Esse processo \u00e9 chamado de sublima\u00e7\u00e3o.<\/p> <\/div><\/div><\/div>    <div class=\"wp-block-kadence-pane kt-accordion-pane kt-accordion-pane-4 kt-pane1002_334cbe-c9\"><div class=\"kt-accordion-header-wrap\"><button class=\"kt-blocks-accordion-header kt-acccordion-button-label-show\" type=\"button\"><span class=\"kt-blocks-accordion-title-wrap\"><span class=\"kt-blocks-accordion-title\">Quanto tempo o gelo seco pode ser armazenado?<\/span><\/span><span class=\"kt-blocks-accordion-icon-trigger\"><\/span><\/button><\/div><div class=\"kt-accordion-panel kt-accordion-panel-hidden\"><div class=\"kt-accordion-panel-inner\"> <p class=\"translation-block\">Quanto tempo o gelo seco pode ser armazenado depende das condi\u00e7\u00f5es de armazenamento. Em um <a href=\"https:\/\/dry-ice-machines.com\/dry-ice-container\/\">cont\u00eainer bem isolado<\/a>, o gelo seco pode ser armazenado por 24-48 horas. Em um ambiente comum, o gelo seco sublima rapidamente.<br><\/p> <\/div><\/div><\/div>    <div class=\"wp-block-kadence-pane kt-accordion-pane kt-accordion-pane-2 kt-pane1002_a72397-c4\"><div class=\"kt-accordion-header-wrap\"><button class=\"kt-blocks-accordion-header kt-acccordion-button-label-show\" type=\"button\"><span class=\"kt-blocks-accordion-title-wrap\"><span class=\"kt-blocks-accordion-title\">Como o gelo seco \u00e9 armazenado?<\/span><\/span><span class=\"kt-blocks-accordion-icon-trigger\"><\/span><\/button><\/div><div class=\"kt-accordion-panel kt-accordion-panel-hidden\"><div class=\"kt-accordion-panel-inner\"> <p><br>O gelo seco deve ser armazenado em recipientes isolados, como caixas de espuma ou tanques especiais de reten\u00e7\u00e3o de gelo seco. Evite recipientes completamente selados para evitar o ac\u00famulo de press\u00e3o.<\/p> <\/div><\/div><\/div>    <div class=\"wp-block-kadence-pane kt-accordion-pane kt-accordion-pane-3 kt-pane1002_acfb18-06\"><div class=\"kt-accordion-header-wrap\"><button class=\"kt-blocks-accordion-header kt-acccordion-button-label-show\" type=\"button\"><span class=\"kt-blocks-accordion-title-wrap\"><span class=\"kt-blocks-accordion-title\">O gelo seco \u00e9 prejudicial aos seres humanos?<\/span><\/span><span class=\"kt-blocks-accordion-icon-trigger\"><\/span><\/button><\/div><div class=\"kt-accordion-panel kt-accordion-panel-hidden\"><div class=\"kt-accordion-panel-inner\"> <p>O gelo seco em si n\u00e3o \u00e9 t\u00f3xico, mas o contato direto com a pele pode causar o congelamento. Al\u00e9m disso, o uso de gelo seco em espa\u00e7os confinados pode levar a altos n\u00edveis de CO\u2082, o que pode afetar a respira\u00e7\u00e3o.<br><\/p> <\/div><\/div><\/div>    <div class=\"wp-block-kadence-pane kt-accordion-pane kt-accordion-pane-6 kt-pane1002_bd4645-1a\"><div class=\"kt-accordion-header-wrap\"><button class=\"kt-blocks-accordion-header kt-acccordion-button-label-show\" type=\"button\"><span class=\"kt-blocks-accordion-title-wrap\"><span class=\"kt-blocks-accordion-title\">O gelo seco pode ser colocado na geladeira ou no freezer?<\/span><\/span><span class=\"kt-blocks-accordion-icon-trigger\"><\/span><\/button><\/div><div class=\"kt-accordion-panel kt-accordion-panel-hidden\"><div class=\"kt-accordion-panel-inner\"> <p>O gelo seco n\u00e3o \u00e9 recomendado para uso em geladeiras ou freezers dom\u00e9sticos. As temperaturas extremamente baixas do gelo seco podem fazer com que o sistema de controle de temperatura da geladeira funcione.<br><\/p> <\/div><\/div><\/div>    <div class=\"wp-block-kadence-pane kt-accordion-pane kt-accordion-pane-8 kt-pane1002_ab4197-6a\"><div class=\"kt-accordion-header-wrap\"><button class=\"kt-blocks-accordion-header kt-acccordion-button-label-show\" type=\"button\"><span class=\"kt-blocks-accordion-title-wrap\"><span class=\"kt-blocks-accordion-title\">Quais s\u00e3o as aplica\u00e7\u00f5es de gelo seco?<\/span><\/span><span class=\"kt-blocks-accordion-icon-trigger\"><\/span><\/button><\/div><div class=\"kt-accordion-panel kt-accordion-panel-hidden\"><div class=\"kt-accordion-panel-inner\"> <p>O gelo seco pode ser usado para limpeza de equipamentos, transporte e armazenamento de medicamentos a baixas temperaturas, preserva\u00e7\u00e3o de alimentos, efeitos de fuma\u00e7a e outros usos.<br><\/p> <\/div><\/div><\/div> <\/div><\/div><\/div>","protected":false},"excerpt":{"rendered":"","protected":false},"author":1,"featured_media":0,"parent":0,"menu_order":0,"comment_status":"closed","ping_status":"closed","template":"","meta":{"_kad_blocks_custom_css":"","_kad_blocks_head_custom_js":"","_kad_blocks_body_custom_js":"","_kad_blocks_footer_custom_js":"","_kad_post_transparent":"","_kad_post_title":"","_kad_post_layout":"","_kad_post_sidebar_id":"","_kad_post_content_style":"","_kad_post_vertical_padding":"","_kad_post_feature":"","_kad_post_feature_position":"","_kad_post_header":false,"_kad_post_footer":false,"_kad_post_classname":"","footnotes":""},"class_list":["post-1002","page","type-page","status-publish","hentry"],"taxonomy_info":[],"featured_image_src_large":false,"author_info":{"display_name":"Ella","author_link":"https:\/\/dry-ice-machines.com\/pt\/author\/adminella\/"},"comment_info":"","_links":{"self":[{"href":"https:\/\/dry-ice-machines.com\/pt\/wp-json\/wp\/v2\/pages\/1002","targetHints":{"allow":["GET"]}}],"collection":[{"href":"https:\/\/dry-ice-machines.com\/pt\/wp-json\/wp\/v2\/pages"}],"about":[{"href":"https:\/\/dry-ice-machines.com\/pt\/wp-json\/wp\/v2\/types\/page"}],"author":[{"embeddable":true,"href":"https:\/\/dry-ice-machines.com\/pt\/wp-json\/wp\/v2\/users\/1"}],"replies":[{"embeddable":true,"href":"https:\/\/dry-ice-machines.com\/pt\/wp-json\/wp\/v2\/comments?post=1002"}],"version-history":[{"count":0,"href":"https:\/\/dry-ice-machines.com\/pt\/wp-json\/wp\/v2\/pages\/1002\/revisions"}],"wp:attachment":[{"href":"https:\/\/dry-ice-machines.com\/pt\/wp-json\/wp\/v2\/media?parent=1002"}],"curies":[{"name":"wp","href":"https:\/\/api.w.org\/{rel}","templated":true}]}}