{"id":1029,"date":"2025-03-13T10:48:22","date_gmt":"2025-03-13T02:48:22","guid":{"rendered":"https:\/\/dry-ice-machines.com\/?page_id=1029"},"modified":"2025-03-13T11:04:54","modified_gmt":"2025-03-13T03:04:54","slug":"knowledge-of-dry-ice-blasting","status":"publish","type":"page","link":"https:\/\/dry-ice-machines.com\/es\/knowledge-of-dry-ice-blasting\/","title":{"rendered":"Conocimiento com\u00fan de la explosi\u00f3n de hielo seco"},"content":{"rendered":"<style>.kt-accordion-id1029_81fddf-48 .kt-accordion-inner-wrap{column-gap:var(--global-kb-gap-md, 2rem);row-gap:10px;}.kt-accordion-id1029_81fddf-48 .kt-accordion-panel-inner{border-top:0px solid transparent;border-right:1px solid transparent;border-bottom:1px solid transparent;border-left:1px solid transparent;background:#ffffff;padding-top:var(--global-kb-spacing-sm, 1.5rem);padding-right:var(--global-kb-spacing-sm, 1.5rem);padding-bottom:var(--global-kb-spacing-sm, 1.5rem);padding-left:var(--global-kb-spacing-sm, 1.5rem);}.kt-accordion-id1029_81fddf-48 > .kt-accordion-inner-wrap > .wp-block-kadence-pane > .kt-accordion-header-wrap > .kt-blocks-accordion-header{border-top:1px solid #eeeeee;border-right:1px solid #eeeeee;border-bottom:1px solid #eeeeee;border-left:2px solid #eeeeee;border-top-left-radius:0px;border-top-right-radius:0px;border-bottom-right-radius:0px;border-bottom-left-radius:0px;background:#ffffff;color:#444444;padding-top:14px;padding-right:16px;padding-bottom:14px;padding-left:16px;}.kt-accordion-id1029_81fddf-48:not( .kt-accodion-icon-style-basiccircle ):not( .kt-accodion-icon-style-xclosecircle ):not( .kt-accodion-icon-style-arrowcircle )  > .kt-accordion-inner-wrap > .wp-block-kadence-pane > .kt-accordion-header-wrap .kt-blocks-accordion-icon-trigger:after, .kt-accordion-id1029_81fddf-48:not( .kt-accodion-icon-style-basiccircle ):not( .kt-accodion-icon-style-xclosecircle ):not( .kt-accodion-icon-style-arrowcircle )  > .kt-accordion-inner-wrap > .wp-block-kadence-pane > .kt-accordion-header-wrap .kt-blocks-accordion-icon-trigger:before{background:#444444;}.kt-accordion-id1029_81fddf-48:not( .kt-accodion-icon-style-basic ):not( .kt-accodion-icon-style-xclose ):not( .kt-accodion-icon-style-arrow ) .kt-blocks-accordion-icon-trigger{background:#444444;}.kt-accordion-id1029_81fddf-48:not( .kt-accodion-icon-style-basic ):not( .kt-accodion-icon-style-xclose ):not( .kt-accodion-icon-style-arrow ) .kt-blocks-accordion-icon-trigger:after, .kt-accordion-id1029_81fddf-48:not( .kt-accodion-icon-style-basic ):not( .kt-accodion-icon-style-xclose ):not( .kt-accodion-icon-style-arrow ) .kt-blocks-accordion-icon-trigger:before{background:#ffffff;}.kt-accordion-id1029_81fddf-48 > .kt-accordion-inner-wrap > .wp-block-kadence-pane > .kt-accordion-header-wrap > .kt-blocks-accordion-header:hover,  \t\t\t\tbody:not(.hide-focus-outline) .kt-accordion-id1029_81fddf-48 .kt-blocks-accordion-header:focus-visible{color:#444444;background:#ffffff;border-top-color:#d4d4d4;border-top-style:solid;border-right-color:#d4d4d4;border-right-style:solid;border-bottom-color:#d4d4d4;border-bottom-style:solid;border-left-color:#d4d4d4;border-left-style:solid;}.kt-accordion-id1029_81fddf-48:not( .kt-accodion-icon-style-basiccircle ):not( .kt-accodion-icon-style-xclosecircle ):not( .kt-accodion-icon-style-arrowcircle ) .kt-accordion-header-wrap .kt-blocks-accordion-header:hover .kt-blocks-accordion-icon-trigger:after, .kt-accordion-id1029_81fddf-48:not( .kt-accodion-icon-style-basiccircle ):not( .kt-accodion-icon-style-xclosecircle ):not( .kt-accodion-icon-style-arrowcircle ) .kt-accordion-header-wrap .kt-blocks-accordion-header:hover .kt-blocks-accordion-icon-trigger:before, body:not(.hide-focus-outline) .kt-accordion-id1029_81fddf-48:not( .kt-accodion-icon-style-basiccircle ):not( .kt-accodion-icon-style-xclosecircle ):not( .kt-accodion-icon-style-arrowcircle ) .kt-blocks-accordion--visible .kt-blocks-accordion-icon-trigger:after, body:not(.hide-focus-outline) .kt-accordion-id1029_81fddf-48:not( .kt-accodion-icon-style-basiccircle ):not( .kt-accodion-icon-style-xclosecircle ):not( .kt-accodion-icon-style-arrowcircle ) .kt-blocks-accordion-header:focus-visible .kt-blocks-accordion-icon-trigger:before{background:#444444;}.kt-accordion-id1029_81fddf-48:not( .kt-accodion-icon-style-basic ):not( .kt-accodion-icon-style-xclose ):not( .kt-accodion-icon-style-arrow ) .kt-accordion-header-wrap .kt-blocks-accordion-header:hover .kt-blocks-accordion-icon-trigger, body:not(.hide-focus-outline) .kt-accordion-id1029_81fddf-48:not( .kt-accodion-icon-style-basic ):not( .kt-accodion-icon-style-xclose ):not( .kt-accodion-icon-style-arrow ) .kt-accordion-header-wrap .kt-blocks-accordion-header:focus-visible .kt-blocks-accordion-icon-trigger{background:#444444;}.kt-accordion-id1029_81fddf-48:not( .kt-accodion-icon-style-basic ):not( .kt-accodion-icon-style-xclose ):not( .kt-accodion-icon-style-arrow ) .kt-accordion-header-wrap .kt-blocks-accordion-header:hover .kt-blocks-accordion-icon-trigger:after, .kt-accordion-id1029_81fddf-48:not( .kt-accodion-icon-style-basic ):not( .kt-accodion-icon-style-xclose ):not( .kt-accodion-icon-style-arrow ) .kt-accordion-header-wrap .kt-blocks-accordion-header:hover .kt-blocks-accordion-icon-trigger:before, body:not(.hide-focus-outline) .kt-accordion-id1029_81fddf-48:not( .kt-accodion-icon-style-basic ):not( .kt-accodion-icon-style-xclose ):not( .kt-accodion-icon-style-arrow ) .kt-accordion-header-wrap .kt-blocks-accordion-header:focus-visible .kt-blocks-accordion-icon-trigger:after, body:not(.hide-focus-outline) .kt-accordion-id1029_81fddf-48:not( .kt-accodion-icon-style-basic ):not( .kt-accodion-icon-style-xclose ):not( .kt-accodion-icon-style-arrow ) .kt-accordion-header-wrap .kt-blocks-accordion-header:focus-visible .kt-blocks-accordion-icon-trigger:before{background:#ffffff;}.kt-accordion-id1029_81fddf-48 .kt-accordion-header-wrap .kt-blocks-accordion-header:focus-visible, \t\t\t\t.kt-accordion-id1029_81fddf-48 > .kt-accordion-inner-wrap > .wp-block-kadence-pane > .kt-accordion-header-wrap > .kt-blocks-accordion-header.kt-accordion-panel-active{color:#444444;background:#ffffff;border-top-color:#eeeeee;border-top-style:solid;border-right-color:#eeeeee;border-right-style:solid;border-bottom-color:#eeeeee;border-bottom-style:solid;border-left-color:#0e9cd1;border-left-style:solid;}.kt-accordion-id1029_81fddf-48:not( .kt-accodion-icon-style-basiccircle ):not( .kt-accodion-icon-style-xclosecircle ):not( .kt-accodion-icon-style-arrowcircle )  > .kt-accordion-inner-wrap > .wp-block-kadence-pane > .kt-accordion-header-wrap > .kt-blocks-accordion-header.kt-accordion-panel-active .kt-blocks-accordion-icon-trigger:after, .kt-accordion-id1029_81fddf-48:not( .kt-accodion-icon-style-basiccircle ):not( .kt-accodion-icon-style-xclosecircle ):not( .kt-accodion-icon-style-arrowcircle )  > .kt-accordion-inner-wrap > .wp-block-kadence-pane > .kt-accordion-header-wrap > .kt-blocks-accordion-header.kt-accordion-panel-active .kt-blocks-accordion-icon-trigger:before{background:#444444;}.kt-accordion-id1029_81fddf-48:not( .kt-accodion-icon-style-basic ):not( .kt-accodion-icon-style-xclose ):not( .kt-accodion-icon-style-arrow ) .kt-blocks-accordion-header.kt-accordion-panel-active .kt-blocks-accordion-icon-trigger{background:#444444;}.kt-accordion-id1029_81fddf-48:not( .kt-accodion-icon-style-basic ):not( .kt-accodion-icon-style-xclose ):not( .kt-accodion-icon-style-arrow ) .kt-blocks-accordion-header.kt-accordion-panel-active .kt-blocks-accordion-icon-trigger:after, .kt-accordion-id1029_81fddf-48:not( .kt-accodion-icon-style-basic ):not( .kt-accodion-icon-style-xclose ):not( .kt-accodion-icon-style-arrow ) .kt-blocks-accordion-header.kt-accordion-panel-active .kt-blocks-accordion-icon-trigger:before{background:#ffffff;}@media all and (max-width: 1024px){.kt-accordion-id1029_81fddf-48 .kt-accordion-panel-inner{border-top:0px solid transparent;border-right:1px solid transparent;border-bottom:1px solid transparent;border-left:1px solid transparent;}}@media all and (max-width: 1024px){.kt-accordion-id1029_81fddf-48 > .kt-accordion-inner-wrap > .wp-block-kadence-pane > .kt-accordion-header-wrap > .kt-blocks-accordion-header{border-top:1px solid #eeeeee;border-right:1px solid #eeeeee;border-bottom:1px solid #eeeeee;border-left:2px solid #eeeeee;}}@media all and (max-width: 1024px){.kt-accordion-id1029_81fddf-48 > .kt-accordion-inner-wrap > .wp-block-kadence-pane > .kt-accordion-header-wrap > .kt-blocks-accordion-header:hover,  \t\t\t\tbody:not(.hide-focus-outline) .kt-accordion-id1029_81fddf-48 .kt-blocks-accordion-header:focus-visible{border-top-color:#d4d4d4;border-top-style:solid;border-right-color:#d4d4d4;border-right-style:solid;border-bottom-color:#d4d4d4;border-bottom-style:solid;border-left-color:#d4d4d4;border-left-style:solid;}}@media all and (max-width: 1024px){.kt-accordion-id1029_81fddf-48 .kt-accordion-header-wrap .kt-blocks-accordion-header:focus-visible, \t\t\t\t.kt-accordion-id1029_81fddf-48 > .kt-accordion-inner-wrap > .wp-block-kadence-pane > .kt-accordion-header-wrap > .kt-blocks-accordion-header.kt-accordion-panel-active{border-top-color:#eeeeee;border-top-style:solid;border-right-color:#eeeeee;border-right-style:solid;border-bottom-color:#eeeeee;border-bottom-style:solid;border-left-color:#0e9cd1;border-left-style:solid;}}@media all and (max-width: 767px){.kt-accordion-id1029_81fddf-48 .kt-accordion-inner-wrap{display:block;}.kt-accordion-id1029_81fddf-48 .kt-accordion-inner-wrap .kt-accordion-pane:not(:first-child){margin-top:10px;}.kt-accordion-id1029_81fddf-48 .kt-accordion-panel-inner{border-top:0px solid transparent;border-right:1px solid transparent;border-bottom:1px solid transparent;border-left:1px solid transparent;}.kt-accordion-id1029_81fddf-48 > .kt-accordion-inner-wrap > .wp-block-kadence-pane > .kt-accordion-header-wrap > .kt-blocks-accordion-header{border-top:1px solid #eeeeee;border-right:1px solid #eeeeee;border-bottom:1px solid #eeeeee;border-left:2px solid #eeeeee;}.kt-accordion-id1029_81fddf-48 > .kt-accordion-inner-wrap > .wp-block-kadence-pane > .kt-accordion-header-wrap > .kt-blocks-accordion-header:hover,  \t\t\t\tbody:not(.hide-focus-outline) .kt-accordion-id1029_81fddf-48 .kt-blocks-accordion-header:focus-visible{border-top-color:#d4d4d4;border-top-style:solid;border-right-color:#d4d4d4;border-right-style:solid;border-bottom-color:#d4d4d4;border-bottom-style:solid;border-left-color:#d4d4d4;border-left-style:solid;}.kt-accordion-id1029_81fddf-48 .kt-accordion-header-wrap .kt-blocks-accordion-header:focus-visible, \t\t\t\t.kt-accordion-id1029_81fddf-48 > .kt-accordion-inner-wrap > .wp-block-kadence-pane > .kt-accordion-header-wrap > .kt-blocks-accordion-header.kt-accordion-panel-active{border-top-color:#eeeeee;border-top-style:solid;border-right-color:#eeeeee;border-right-style:solid;border-bottom-color:#eeeeee;border-bottom-style:solid;border-left-color:#0e9cd1;border-left-style:solid;}}<\/style> <div class=\"wp-block-kadence-accordion alignnone\"><div class=\"kt-accordion-wrap kt-accordion-id1029_81fddf-48 kt-accordion-has-5-panes kt-active-pane-0 kt-accordion-block kt-pane-header-alignment-left kt-accodion-icon-style-arrow kt-accodion-icon-side-right\" style=\"max-width:none\"><div class=\"kt-accordion-inner-wrap\" data-allow-multiple-open=\"false\" data-start-open=\"0\"> <div class=\"wp-block-kadence-pane kt-accordion-pane kt-accordion-pane-1 kt-pane1029_6d4694-1e\"><div class=\"kt-accordion-header-wrap\"><button class=\"kt-blocks-accordion-header kt-acccordion-button-label-show\" type=\"button\"><span class=\"kt-blocks-accordion-title-wrap\"><span class=\"kt-blocks-accordion-title\">\u00bfQu\u00e9 es la explosi\u00f3n de hielo seco? \u00bfQu\u00e9 es la limpieza de hielo seco?<\/span><\/span><span class=\"kt-blocks-accordion-icon-trigger\"><\/span><\/button><\/div><div class=\"kt-accordion-panel kt-accordion-panel-hidden\"><div class=\"kt-accordion-panel-inner\"> <ul class=\"wp-block-list\"> <li>La explosi\u00f3n de hielo seca utiliza aire comprimido para explotar pellets de hielo seco en las superficies a altas velocidades para eliminar la suciedad a trav\u00e9s de temperaturas e impacto extremadamente bajas.<\/li>    <li>Limpieza de hielo seco: es una aplicaci\u00f3n de explosi\u00f3n de hielo seco dise\u00f1ado espec\u00edficamente para limpiar equipos, mohos, etc.<\/li> <\/ul> <\/div><\/div><\/div>    <div class=\"wp-block-kadence-pane kt-accordion-pane kt-accordion-pane-2 kt-pane1029_f10fc7-fc\"><div class=\"kt-accordion-header-wrap\"><button class=\"kt-blocks-accordion-header kt-acccordion-button-label-show\" type=\"button\"><span class=\"kt-blocks-accordion-title-wrap\"><span class=\"kt-blocks-accordion-title\">\u00bfC\u00f3mo limpia el hielo seco?<\/span><\/span><span class=\"kt-blocks-accordion-icon-trigger\"><\/span><\/button><\/div><div class=\"kt-accordion-panel kt-accordion-panel-hidden\"><div class=\"kt-accordion-panel-inner\"> <p>Las m\u00e1quinas de explosi\u00f3n de hielo secas de Shuliy usan aire comprimido para acelerar los gr\u00e1nulos de hielo seco a una velocidad de aproximadamente 300 metros por segundo. Los gr\u00e1nulos golpean el objeto para ser limpiado. La suciedad en la superficie del objeto se encoge, se vuelve fr\u00e1gil y grietas, y debido a que la superficie grietas, los gr\u00e1nulos pueden alcanzar debajo de la tierra y eliminarla. Inmediatamente despu\u00e9s del impacto, las part\u00edculas subliman y regresan a la atm\u00f3sfera como un gas puro (CO 2), sin dejar atr\u00e1s la humedad. Lo \u00fanico que queda es el recubrimiento\/suciedad retirado de la superficie. Debido a la baja dureza de los gr\u00e1nulos, la superficie del objeto no se ve afectada despu\u00e9s de la explosi\u00f3n.<\/p> <\/div><\/div><\/div>    <div class=\"wp-block-kadence-pane kt-accordion-pane kt-accordion-pane-3 kt-pane1029_ca6ad3-84\"><div class=\"kt-accordion-header-wrap\"><button class=\"kt-blocks-accordion-header kt-acccordion-button-label-show\" type=\"button\"><span class=\"kt-blocks-accordion-title-wrap\"><span class=\"kt-blocks-accordion-title\">\u00bfCu\u00e1l es la aplicaci\u00f3n de la m\u00e1quina de explosi\u00f3n de hielo seca shuliy?<\/span><\/span><span class=\"kt-blocks-accordion-icon-trigger\"><\/span><\/button><\/div><div class=\"kt-accordion-panel kt-accordion-panel-hidden\"><div class=\"kt-accordion-panel-inner\"> <p class=\"translation-block\">El chorro de hielo seco elimina esencialmente todos los materiales que reaccionan fuertemente a las diferencias de temperatura. Pinturas, barnices, adhesivos, aceites, ceras, asfalto, etc. pueden ser f\u00e1cilmente eliminados sin da\u00f1ar o alterar la superficie. Dado que la <a href=\"https:\/\/dry-ice-machines.com\/dry-ice-cleaning\/\">m\u00e1quina de chorro de hielo seco<\/a> de Shuliy produce pr\u00e1cticamente ning\u00fan desgaste, esta tecnolog\u00eda es especialmente recomendada para la limpieza suave y efectiva de cualquier tipo de material en todas las industrias, como piezas de motor, superficies automotrices, transformadores, aislantes, moldes de inyecci\u00f3n, bandejas para hornear gofres, etc..<\/p> <\/div><\/div><\/div>    <div class=\"wp-block-kadence-pane kt-accordion-pane kt-accordion-pane-5 kt-pane1029_295e5c-64\"><div class=\"kt-accordion-header-wrap\"><button class=\"kt-blocks-accordion-header kt-acccordion-button-label-show\" type=\"button\"><span class=\"kt-blocks-accordion-title-wrap\"><span class=\"kt-blocks-accordion-title\">Limpieza de hielo seco shuliy: teniendo en cuenta cada aspecto para usted<\/span><\/span><span class=\"kt-blocks-accordion-icon-trigger\"><\/span><\/button><\/div><div class=\"kt-accordion-panel kt-accordion-panel-hidden\"><div class=\"kt-accordion-panel-inner\"> <p class=\"translation-block\">Shuliy se especializa en proporcionar soluciones personalizadas y completas para satisfacer las necesidades espec\u00edficas de nuestros clientes. Estas soluciones personalizadas pueden comenzar con una m\u00e1quina de chorro de hielo seco. Recomendamos diferentes m\u00e1quinas de limpieza con hielo seco dependiendo de su escenario de uso. Shuliy tambi\u00e9n ofrece <a href=\"https:\/\/dry-ice-machines.com\/dry-ice-pellet-making-machine\/\">m\u00e1quinas de pellets de hielo seco<\/a> para satisfacer las necesidades de su producci\u00f3n interna de materias primas, reduciendo as\u00ed los costos de compra y transporte.<\/p> <\/div><\/div><\/div>    <div class=\"wp-block-kadence-pane kt-accordion-pane kt-accordion-pane-4 kt-pane1029_d134d9-0c\"><div class=\"kt-accordion-header-wrap\"><button class=\"kt-blocks-accordion-header kt-acccordion-button-label-show\" type=\"button\"><span class=\"kt-blocks-accordion-title-wrap\"><span class=\"kt-blocks-accordion-title\">\u00bfCu\u00e1nto cuesta la explosi\u00f3n de hielo seco?<\/span><\/span><span class=\"kt-blocks-accordion-icon-trigger\"><\/span><\/button><\/div><div class=\"kt-accordion-panel kt-accordion-panel-hidden\"><div class=\"kt-accordion-panel-inner\"> <ul class=\"wp-block-list\"> <li>Inversi\u00f3n inicial: las m\u00e1quinas de explosi\u00f3n de hielo secas y los compresores de aire requieren cierta inversi\u00f3n. El precio exacto var\u00eda seg\u00fan el modelo de m\u00e1quina de blaster de hielo seco.<\/li>    <li>Ahorro de costos: ahorros sobre el uso de productos qu\u00edmicos y los costos de mano de obra en la limpieza tradicional.<\/li> <\/ul> <\/div><\/div><\/div> <\/div><\/div><\/div>","protected":false},"excerpt":{"rendered":"","protected":false},"author":1,"featured_media":0,"parent":0,"menu_order":0,"comment_status":"closed","ping_status":"closed","template":"","meta":{"_kad_blocks_custom_css":"","_kad_blocks_head_custom_js":"","_kad_blocks_body_custom_js":"","_kad_blocks_footer_custom_js":"","_kad_post_transparent":"","_kad_post_title":"","_kad_post_layout":"","_kad_post_sidebar_id":"","_kad_post_content_style":"","_kad_post_vertical_padding":"","_kad_post_feature":"","_kad_post_feature_position":"","_kad_post_header":false,"_kad_post_footer":false,"_kad_post_classname":"","footnotes":""},"class_list":["post-1029","page","type-page","status-publish","hentry"],"taxonomy_info":[],"featured_image_src_large":false,"author_info":{"display_name":"Ella","author_link":"https:\/\/dry-ice-machines.com\/es\/author\/adminella\/"},"comment_info":"","_links":{"self":[{"href":"https:\/\/dry-ice-machines.com\/es\/wp-json\/wp\/v2\/pages\/1029","targetHints":{"allow":["GET"]}}],"collection":[{"href":"https:\/\/dry-ice-machines.com\/es\/wp-json\/wp\/v2\/pages"}],"about":[{"href":"https:\/\/dry-ice-machines.com\/es\/wp-json\/wp\/v2\/types\/page"}],"author":[{"embeddable":true,"href":"https:\/\/dry-ice-machines.com\/es\/wp-json\/wp\/v2\/users\/1"}],"replies":[{"embeddable":true,"href":"https:\/\/dry-ice-machines.com\/es\/wp-json\/wp\/v2\/comments?post=1029"}],"version-history":[{"count":0,"href":"https:\/\/dry-ice-machines.com\/es\/wp-json\/wp\/v2\/pages\/1029\/revisions"}],"wp:attachment":[{"href":"https:\/\/dry-ice-machines.com\/es\/wp-json\/wp\/v2\/media?parent=1029"}],"curies":[{"name":"wp","href":"https:\/\/api.w.org\/{rel}","templated":true}]}}