{"id":46,"date":"2024-04-03T13:57:51","date_gmt":"2024-04-03T05:57:51","guid":{"rendered":"https:\/\/dry-ice-machines.com\/?page_id=46"},"modified":"2024-04-29T18:12:44","modified_gmt":"2024-04-29T10:12:44","slug":"company","status":"publish","type":"page","link":"https:\/\/dry-ice-machines.com\/de\/company\/","title":{"rendered":"Unternehmen"},"content":{"rendered":"<style>.kb-row-layout-id46_033a24-56 > .kt-row-column-wrap{align-content:start;}:where(.kb-row-layout-id46_033a24-56 > .kt-row-column-wrap) > .wp-block-kadence-column{justify-content:start;}.kb-row-layout-id46_033a24-56 > .kt-row-column-wrap{column-gap:var(--global-kb-gap-md, 2rem);row-gap:var(--global-kb-gap-md, 2rem);max-width:var( --global-content-width, 1290px );padding-left:var(--global-content-edge-padding);padding-right:var(--global-content-edge-padding);padding-top:var(--global-kb-spacing-sm, 1.5rem);padding-bottom:var(--global-kb-spacing-sm, 1.5rem);grid-template-columns:repeat(2, minmax(0, 1fr));}.kb-row-layout-id46_033a24-56 > .kt-row-layout-overlay{opacity:0.30;}@media all and (max-width: 1024px){.kb-row-layout-id46_033a24-56 > .kt-row-column-wrap{grid-template-columns:repeat(2, minmax(0, 1fr));}}@media all and (max-width: 767px){.kb-row-layout-id46_033a24-56 > .kt-row-column-wrap{grid-template-columns:minmax(0, 1fr);}}<\/style><div class=\"kb-row-layout-wrap kb-row-layout-id46_033a24-56 alignnone wp-block-kadence-rowlayout\"><div class=\"kt-row-column-wrap kt-has-2-columns kt-row-layout-equal kt-tab-layout-inherit kt-mobile-layout-row kt-row-valign-top kb-theme-content-width\">\n<style>.kadence-column46_2023a0-b1 > .kt-inside-inner-col,.kadence-column46_2023a0-b1 > .kt-inside-inner-col:before{border-top-left-radius:0px;border-top-right-radius:0px;border-bottom-right-radius:0px;border-bottom-left-radius:0px;}.kadence-column46_2023a0-b1 > .kt-inside-inner-col{column-gap:var(--global-kb-gap-sm, 1rem);}.kadence-column46_2023a0-b1 > .kt-inside-inner-col{flex-direction:column;}.kadence-column46_2023a0-b1 > .kt-inside-inner-col > .aligncenter{width:100%;}.kadence-column46_2023a0-b1 > .kt-inside-inner-col:before{opacity:0.3;}.kadence-column46_2023a0-b1{position:relative;}@media all and (max-width: 1024px){.kadence-column46_2023a0-b1 > .kt-inside-inner-col{flex-direction:column;justify-content:center;}}@media all and (max-width: 767px){.kadence-column46_2023a0-b1 > .kt-inside-inner-col{flex-direction:column;justify-content:center;}}<\/style>\n<div class=\"wp-block-kadence-column kadence-column46_2023a0-b1\"><div class=\"kt-inside-inner-col\"><style>.wp-block-kadence-advancedheading.kt-adv-heading46_31799b-31, .wp-block-kadence-advancedheading.kt-adv-heading46_31799b-31[data-kb-block=\"kb-adv-heading46_31799b-31\"]{font-style:normal;}.wp-block-kadence-advancedheading.kt-adv-heading46_31799b-31 mark.kt-highlight, .wp-block-kadence-advancedheading.kt-adv-heading46_31799b-31[data-kb-block=\"kb-adv-heading46_31799b-31\"] mark.kt-highlight{font-style:normal;color:#f76a0c;-webkit-box-decoration-break:clone;box-decoration-break:clone;padding-top:0px;padding-right:0px;padding-bottom:0px;padding-left:0px;}.wp-block-kadence-advancedheading.kt-adv-heading46_31799b-31 img.kb-inline-image, .wp-block-kadence-advancedheading.kt-adv-heading46_31799b-31[data-kb-block=\"kb-adv-heading46_31799b-31\"] img.kb-inline-image{width:150px;vertical-align:baseline;}<\/style>\n<h3 class=\"kt-adv-heading46_31799b-31 wp-block-kadence-advancedheading\" data-kb-block=\"kb-adv-heading46_31799b-31\">Who Are We<\/h3>\n\n\n\n<p>Shuliy Group is a professional manufacturer in the field of dry ice production equipment and machines, providing innovative solutions for many types of businesses including food processing, cold chain management, airline catering and other industries, maximizing the savings of time, money and resources for businesses. We offer state-of-the-art dry ice production systems and dry ice cleaning equipment, 24\/7 production capacity and customer service support.<\/p>\n<\/div><\/div>\n\n\n<style>.kadence-column46_8dc679-88 > .kt-inside-inner-col,.kadence-column46_8dc679-88 > .kt-inside-inner-col:before{border-top-left-radius:0px;border-top-right-radius:0px;border-bottom-right-radius:0px;border-bottom-left-radius:0px;}.kadence-column46_8dc679-88 > .kt-inside-inner-col{column-gap:var(--global-kb-gap-sm, 1rem);}.kadence-column46_8dc679-88 > .kt-inside-inner-col{flex-direction:column;}.kadence-column46_8dc679-88 > .kt-inside-inner-col > .aligncenter{width:100%;}.kadence-column46_8dc679-88 > .kt-inside-inner-col:before{opacity:0.3;}.kadence-column46_8dc679-88{position:relative;}@media all and (max-width: 1024px){.kadence-column46_8dc679-88 > .kt-inside-inner-col{flex-direction:column;justify-content:center;}}@media all and (max-width: 767px){.kadence-column46_8dc679-88 > .kt-inside-inner-col{flex-direction:column;justify-content:center;}}<\/style>\n<div class=\"wp-block-kadence-column kadence-column46_8dc679-88\"><div class=\"kt-inside-inner-col\">\n<figure class=\"wp-block-image size-full\"><img loading=\"lazy\" decoding=\"async\" width=\"720\" height=\"540\" src=\"https:\/\/dry-ice-machines.com\/wp-content\/uploads\/2024\/04\/Shuliy-Group-and-our-customer.jpg\" alt=\"\" class=\"wp-image-300\" srcset=\"https:\/\/dry-ice-machines.com\/wp-content\/uploads\/2024\/04\/Shuliy-Group-and-our-customer.jpg 720w, https:\/\/dry-ice-machines.com\/wp-content\/uploads\/2024\/04\/Shuliy-Group-and-our-customer-480x360.jpg 480w, https:\/\/dry-ice-machines.com\/wp-content\/uploads\/2024\/04\/Shuliy-Group-and-our-customer-150x113.jpg 150w\" sizes=\"auto, (max-width: 720px) 100vw, 720px\" \/><\/figure>\n<\/div><\/div>\n\n<\/div><\/div>\n\n<style>.kb-row-layout-id46_0dc7c5-19 > .kt-row-column-wrap{align-content:start;}:where(.kb-row-layout-id46_0dc7c5-19 > .kt-row-column-wrap) > .wp-block-kadence-column{justify-content:start;}.kb-row-layout-id46_0dc7c5-19 > .kt-row-column-wrap{column-gap:var(--global-kb-gap-md, 2rem);row-gap:var(--global-kb-gap-md, 2rem);max-width:var( --global-content-width, 1290px );padding-left:var(--global-content-edge-padding);padding-right:var(--global-content-edge-padding);padding-top:var(--global-kb-spacing-sm, 1.5rem);padding-bottom:var(--global-kb-spacing-sm, 1.5rem);grid-template-columns:repeat(2, minmax(0, 1fr));}.kb-row-layout-id46_0dc7c5-19 > .kt-row-layout-overlay{opacity:0.30;}@media all and (max-width: 1024px){.kb-row-layout-id46_0dc7c5-19 > .kt-row-column-wrap{grid-template-columns:repeat(2, minmax(0, 1fr));}}@media all and (max-width: 767px){.kb-row-layout-id46_0dc7c5-19 > .kt-row-column-wrap{grid-template-columns:minmax(0, 1fr);}}<\/style><div class=\"kb-row-layout-wrap kb-row-layout-id46_0dc7c5-19 alignnone wp-block-kadence-rowlayout\"><div class=\"kt-row-column-wrap kt-has-2-columns kt-row-layout-equal kt-tab-layout-inherit kt-mobile-layout-row kt-row-valign-top kb-theme-content-width\">\n<style>.kadence-column46_98b72c-b7 > .kt-inside-inner-col,.kadence-column46_98b72c-b7 > .kt-inside-inner-col:before{border-top-left-radius:0px;border-top-right-radius:0px;border-bottom-right-radius:0px;border-bottom-left-radius:0px;}.kadence-column46_98b72c-b7 > .kt-inside-inner-col{column-gap:var(--global-kb-gap-sm, 1rem);}.kadence-column46_98b72c-b7 > .kt-inside-inner-col{flex-direction:column;}.kadence-column46_98b72c-b7 > .kt-inside-inner-col > .aligncenter{width:100%;}.kadence-column46_98b72c-b7 > .kt-inside-inner-col:before{opacity:0.3;}.kadence-column46_98b72c-b7{position:relative;}@media all and (max-width: 1024px){.kadence-column46_98b72c-b7 > .kt-inside-inner-col{flex-direction:column;justify-content:center;}}@media all and (max-width: 767px){.kadence-column46_98b72c-b7 > .kt-inside-inner-col{flex-direction:column;justify-content:center;}}<\/style>\n<div class=\"wp-block-kadence-column kadence-column46_98b72c-b7\"><div class=\"kt-inside-inner-col\">\n<figure class=\"wp-block-image size-full\"><img loading=\"lazy\" decoding=\"async\" width=\"720\" height=\"540\" src=\"https:\/\/dry-ice-machines.com\/wp-content\/uploads\/2024\/04\/shuliy-dry-ice-blasting-machine-for-sale.webp\" alt=\"\" class=\"wp-image-32\" srcset=\"https:\/\/dry-ice-machines.com\/wp-content\/uploads\/2024\/04\/shuliy-dry-ice-blasting-machine-for-sale.webp 720w, https:\/\/dry-ice-machines.com\/wp-content\/uploads\/2024\/04\/shuliy-dry-ice-blasting-machine-for-sale-480x360.webp 480w, https:\/\/dry-ice-machines.com\/wp-content\/uploads\/2024\/04\/shuliy-dry-ice-blasting-machine-for-sale-150x113.webp 150w\" sizes=\"auto, (max-width: 720px) 100vw, 720px\" \/><\/figure>\n<\/div><\/div>\n\n\n<style>.kadence-column46_9bbf3e-69 > .kt-inside-inner-col,.kadence-column46_9bbf3e-69 > .kt-inside-inner-col:before{border-top-left-radius:0px;border-top-right-radius:0px;border-bottom-right-radius:0px;border-bottom-left-radius:0px;}.kadence-column46_9bbf3e-69 > .kt-inside-inner-col{column-gap:var(--global-kb-gap-sm, 1rem);}.kadence-column46_9bbf3e-69 > .kt-inside-inner-col{flex-direction:column;}.kadence-column46_9bbf3e-69 > .kt-inside-inner-col > .aligncenter{width:100%;}.kadence-column46_9bbf3e-69 > .kt-inside-inner-col:before{opacity:0.3;}.kadence-column46_9bbf3e-69{position:relative;}@media all and (max-width: 1024px){.kadence-column46_9bbf3e-69 > .kt-inside-inner-col{flex-direction:column;justify-content:center;}}@media all and (max-width: 767px){.kadence-column46_9bbf3e-69 > .kt-inside-inner-col{flex-direction:column;justify-content:center;}}<\/style>\n<div class=\"wp-block-kadence-column kadence-column46_9bbf3e-69\"><div class=\"kt-inside-inner-col\"><style>.wp-block-kadence-advancedheading.kt-adv-heading46_483336-af, .wp-block-kadence-advancedheading.kt-adv-heading46_483336-af[data-kb-block=\"kb-adv-heading46_483336-af\"]{font-style:normal;}.wp-block-kadence-advancedheading.kt-adv-heading46_483336-af mark.kt-highlight, .wp-block-kadence-advancedheading.kt-adv-heading46_483336-af[data-kb-block=\"kb-adv-heading46_483336-af\"] mark.kt-highlight{font-style:normal;color:#f76a0c;-webkit-box-decoration-break:clone;box-decoration-break:clone;padding-top:0px;padding-right:0px;padding-bottom:0px;padding-left:0px;}.wp-block-kadence-advancedheading.kt-adv-heading46_483336-af img.kb-inline-image, .wp-block-kadence-advancedheading.kt-adv-heading46_483336-af[data-kb-block=\"kb-adv-heading46_483336-af\"] img.kb-inline-image{width:150px;vertical-align:baseline;}<\/style>\n<h3 class=\"kt-adv-heading46_483336-af wp-block-kadence-advancedheading\" data-kb-block=\"kb-adv-heading46_483336-af\">Shuily Diffierence<\/h3>\n\n\n\n<ul class=\"wp-block-list\">\n<li>24 Hour Technical Support. Our service team is available 24\/7, 365 days a year, to provide support and advice on all aspects of Shuliy dry ice making machines.<\/li>\n\n\n\n<li>Trained and Experienced Team. Our technicians and support team have extensive knowledge of dry ice machines, enabling them to work with exceptional attention to detail.<\/li>\n<\/ul>\n<\/div><\/div>\n\n<\/div><\/div>\n\n<style>.kb-row-layout-id46_5a3f8f-f9 > .kt-row-column-wrap{align-content:start;}:where(.kb-row-layout-id46_5a3f8f-f9 > .kt-row-column-wrap) > .wp-block-kadence-column{justify-content:start;}.kb-row-layout-id46_5a3f8f-f9 > .kt-row-column-wrap{column-gap:var(--global-kb-gap-lg, 4rem);row-gap:var(--global-kb-gap-md, 2rem);max-width:var( --global-content-width, 1290px );padding-left:var(--global-content-edge-padding);padding-right:var(--global-content-edge-padding);padding-top:var(--global-kb-spacing-xl, 4rem);padding-right:0px;padding-bottom:var(--global-kb-spacing-xl, 4rem);padding-left:0px;grid-template-columns:minmax(0, 1fr);}.kb-row-layout-id46_5a3f8f-f9 > .kt-row-layout-overlay{opacity:0.50;background-color:var(--global-palette9, #ffffff);}@media all and (max-width: 1024px){.kb-row-layout-id46_5a3f8f-f9 > .kt-row-column-wrap{grid-template-columns:minmax(0, 1fr);}}@media all and (max-width: 767px){.kb-row-layout-id46_5a3f8f-f9 > .kt-row-column-wrap{grid-template-columns:minmax(0, 1fr);}}<\/style><div class=\"kb-row-layout-wrap kb-row-layout-id46_5a3f8f-f9 alignfull has-theme-palette9-background-color kt-row-has-bg wp-block-kadence-rowlayout\"><div class=\"kt-row-layout-overlay kt-row-overlay-normal\"><\/div><div class=\"kt-row-column-wrap kt-has-1-columns kt-row-layout-equal kt-tab-layout-inherit kt-mobile-layout-row kt-row-valign-top kb-theme-content-width\">\n<style>.kadence-column46_248974-a8 > .kt-inside-inner-col,.kadence-column46_248974-a8 > .kt-inside-inner-col:before{border-top-left-radius:0px;border-top-right-radius:0px;border-bottom-right-radius:0px;border-bottom-left-radius:0px;}.kadence-column46_248974-a8 > .kt-inside-inner-col{column-gap:var(--global-kb-gap-sm, 1rem);}.kadence-column46_248974-a8 > .kt-inside-inner-col{flex-direction:column;}.kadence-column46_248974-a8 > .kt-inside-inner-col > .aligncenter{width:100%;}.kadence-column46_248974-a8 > .kt-inside-inner-col:before{opacity:0.3;}.kadence-column46_248974-a8{text-align:center;}.kadence-column46_248974-a8{position:relative;}@media all and (max-width: 1024px){.kadence-column46_248974-a8 > .kt-inside-inner-col{flex-direction:column;justify-content:center;}}@media all and (max-width: 767px){.kadence-column46_248974-a8 > .kt-inside-inner-col{flex-direction:column;justify-content:center;}}<\/style>\n<div class=\"wp-block-kadence-column kadence-column46_248974-a8\"><div class=\"kt-inside-inner-col\"><style>.wp-block-kadence-advancedheading.kt-adv-heading46_a7c87f-ec, .wp-block-kadence-advancedheading.kt-adv-heading46_a7c87f-ec[data-kb-block=\"kb-adv-heading46_a7c87f-ec\"]{padding-top:0px;padding-bottom:0px;margin-bottom:var(--global-kb-spacing-sm, 1.5rem);line-height:1;font-style:normal;}.wp-block-kadence-advancedheading.kt-adv-heading46_a7c87f-ec mark.kt-highlight, .wp-block-kadence-advancedheading.kt-adv-heading46_a7c87f-ec[data-kb-block=\"kb-adv-heading46_a7c87f-ec\"] mark.kt-highlight{font-style:normal;color:#f76a0c;-webkit-box-decoration-break:clone;box-decoration-break:clone;padding-top:0px;padding-right:0px;padding-bottom:0px;padding-left:0px;}.wp-block-kadence-advancedheading.kt-adv-heading46_a7c87f-ec img.kb-inline-image, .wp-block-kadence-advancedheading.kt-adv-heading46_a7c87f-ec[data-kb-block=\"kb-adv-heading46_a7c87f-ec\"] img.kb-inline-image{width:150px;vertical-align:baseline;}@media all and (max-width: 767px){.wp-block-kadence-advancedheading.kt-adv-heading46_a7c87f-ec, .wp-block-kadence-advancedheading.kt-adv-heading46_a7c87f-ec[data-kb-block=\"kb-adv-heading46_a7c87f-ec\"]{margin-bottom:var(--global-kb-spacing-md, 2rem);}}<\/style>\n<h2 class=\"kt-adv-heading46_a7c87f-ec wp-block-kadence-advancedheading has-theme-palette-3-color has-text-color\" data-kb-block=\"kb-adv-heading46_a7c87f-ec\">Hot-Selling Machines<\/h2>\n\n\n\n<p class=\"has-text-align-left\" style=\"margin-top:var(--wp--preset--spacing--30);margin-bottom:var(--wp--preset--spacing--30);padding-top:0;padding-right:var(--wp--preset--spacing--40);padding-bottom:0;padding-left:var(--wp--preset--spacing--40)\">Shuliy Group offers many types of dry ice machines, including dry ice pellet machines, dry ice block machines and dry ice blasting machines. We are committed to providing customized solutions to meet the needs of different industries.<\/p>\n\n\n<style>.wp-block-kadence-advancedgallery.kb-gallery-wrap-id-46_1593f1-76{overflow:hidden;}.kb-gallery-id-46_1593f1-76 .kadence-blocks-gallery-item .kb-gal-image-radius, .kb-gallery-id-46_1593f1-76 .kb-slide-item .kb-gal-image-radius img{border-radius:0px 0px 0px 0px;;}.kb-gallery-wrap-id-46_1593f1-76.wp-block-kadence-advancedgallery{overflow:visible;}.kb-gallery-wrap-id-46_1593f1-76.wp-block-kadence-advancedgallery .kt-blocks-carousel{overflow:visible;}<\/style><div class=\"kb-gallery-wrap-id-46_1593f1-76 alignnone wp-block-kadence-advancedgallery\"><div class=\"kb-gallery-ul kb-gallery-non-static kb-gallery-type-carousel kb-gallery-id-46_1593f1-76 kb-gallery-caption-style-bottom-hover kb-gallery-filter-none\" data-image-filter=\"none\" data-lightbox-caption=\"true\"><div class=\"kt-blocks-carousel splide kt-carousel-container-dotstyle-dark kt-carousel-arrowstyle-whiteondark kt-carousel-dotstyle-dark kb-slider-group-arrow kb-slider-arrow-position-center\" data-columns-xxl=\"3\" data-columns-xl=\"3\" data-columns-md=\"3\" data-columns-sm=\"2\" data-columns-xs=\"1\" data-columns-ss=\"1\" data-slider-anim-speed=\"400\" data-slider-scroll=\"1\" data-slider-arrows=\"true\" data-slider-dots=\"true\" data-slider-hover-pause=\"false\" data-slider-auto=\"1\" data-slider-speed=\"7000\" data-slider-gap=\"20px\" data-slider-gap-tablet=\"20px\" data-slider-gap-mobile=\"20px\" data-show-pause-button=\"false\" data-slider-label=\"Photo Gallery Carousel\"><div class=\"splide__track\"><ul class=\"kt-blocks-carousel-init kb-gallery-carousel splide__list\"><li class=\"kb-slide-item kb-gallery-carousel-item splide__slide\"><div class=\"kadence-blocks-gallery-item\"><div class=\"kadence-blocks-gallery-item-inner\"><figure class=\"kb-gallery-figure kadence-blocks-gallery-item-hide-caption\"><div class=\"kb-gal-image-radius\"><div class=\"kb-gallery-image-contain kadence-blocks-gallery-intrinsic kb-gallery-image-ratio-land43 kb-has-image-ratio-land43\" ><img loading=\"lazy\" decoding=\"async\" src=\"https:\/\/dry-ice-machines.com\/wp-content\/uploads\/2024\/04\/plastic-washing-tank.jpg\" width=\"720\" height=\"540\" alt=\"\" data-full-image=\"https:\/\/dry-ice-machines.com\/wp-content\/uploads\/2024\/04\/plastic-washing-tank.jpg\" data-light-image=\"https:\/\/dry-ice-machines.com\/wp-content\/uploads\/2024\/04\/plastic-washing-tank.jpg\" data-id=\"290\" class=\"wp-image-290 skip-lazy\" srcset=\"https:\/\/dry-ice-machines.com\/wp-content\/uploads\/2024\/04\/plastic-washing-tank.jpg 720w, https:\/\/dry-ice-machines.com\/wp-content\/uploads\/2024\/04\/plastic-washing-tank-480x360.jpg 480w, https:\/\/dry-ice-machines.com\/wp-content\/uploads\/2024\/04\/plastic-washing-tank-150x113.jpg 150w\" sizes=\"auto, (max-width: 720px) 100vw, 720px\" \/><\/div><\/div><\/figure><\/div><\/div><\/li><li class=\"kb-slide-item kb-gallery-carousel-item splide__slide\"><div class=\"kadence-blocks-gallery-item\"><div class=\"kadence-blocks-gallery-item-inner\"><figure class=\"kb-gallery-figure kadence-blocks-gallery-item-hide-caption\"><div class=\"kb-gal-image-radius\"><div class=\"kb-gallery-image-contain kadence-blocks-gallery-intrinsic kb-gallery-image-ratio-land43 kb-has-image-ratio-land43\" ><img loading=\"lazy\" decoding=\"async\" src=\"https:\/\/dry-ice-machines.com\/wp-content\/uploads\/2024\/04\/industrial-dry-ice-machine2.webp\" width=\"720\" height=\"540\" alt=\"industrial dry ice machine\" data-full-image=\"https:\/\/dry-ice-machines.com\/wp-content\/uploads\/2024\/04\/industrial-dry-ice-machine2.webp\" data-light-image=\"https:\/\/dry-ice-machines.com\/wp-content\/uploads\/2024\/04\/industrial-dry-ice-machine2.webp\" data-id=\"484\" class=\"wp-image-484 skip-lazy\" srcset=\"https:\/\/dry-ice-machines.com\/wp-content\/uploads\/2024\/04\/industrial-dry-ice-machine2.webp 720w, https:\/\/dry-ice-machines.com\/wp-content\/uploads\/2024\/04\/industrial-dry-ice-machine2-480x360.webp 480w, https:\/\/dry-ice-machines.com\/wp-content\/uploads\/2024\/04\/industrial-dry-ice-machine2-150x113.webp 150w\" sizes=\"auto, (max-width: 720px) 100vw, 720px\" \/><\/div><\/div><\/figure><\/div><\/div><\/li><li class=\"kb-slide-item kb-gallery-carousel-item splide__slide\"><div class=\"kadence-blocks-gallery-item\"><div class=\"kadence-blocks-gallery-item-inner\"><figure class=\"kb-gallery-figure kadence-blocks-gallery-item-hide-caption\"><div class=\"kb-gal-image-radius\"><div class=\"kb-gallery-image-contain kadence-blocks-gallery-intrinsic kb-gallery-image-ratio-land43 kb-has-image-ratio-land43\" ><img loading=\"lazy\" decoding=\"async\" src=\"https:\/\/dry-ice-machines.com\/wp-content\/uploads\/2024\/04\/dry-ice-storage-box.webp\" width=\"720\" height=\"540\" alt=\"dry ice storage box\" data-full-image=\"https:\/\/dry-ice-machines.com\/wp-content\/uploads\/2024\/04\/dry-ice-storage-box.webp\" data-light-image=\"https:\/\/dry-ice-machines.com\/wp-content\/uploads\/2024\/04\/dry-ice-storage-box.webp\" data-id=\"509\" class=\"wp-image-509 skip-lazy\" srcset=\"https:\/\/dry-ice-machines.com\/wp-content\/uploads\/2024\/04\/dry-ice-storage-box.webp 720w, https:\/\/dry-ice-machines.com\/wp-content\/uploads\/2024\/04\/dry-ice-storage-box-480x360.webp 480w, https:\/\/dry-ice-machines.com\/wp-content\/uploads\/2024\/04\/dry-ice-storage-box-150x113.webp 150w\" sizes=\"auto, (max-width: 720px) 100vw, 720px\" \/><\/div><\/div><\/figure><\/div><\/div><\/li><\/ul><\/div><\/div><\/div><\/div><\/div><\/div>\n\n<\/div><\/div>\n\n<style>.kb-row-layout-id46_04a248-4c > .kt-row-column-wrap{align-content:start;}:where(.kb-row-layout-id46_04a248-4c > .kt-row-column-wrap) > .wp-block-kadence-column{justify-content:start;}.kb-row-layout-id46_04a248-4c > .kt-row-column-wrap{column-gap:var(--global-kb-gap-md, 2rem);row-gap:var(--global-kb-gap-md, 2rem);padding-top:var(--global-kb-spacing-sm, 1.5rem);padding-bottom:var(--global-kb-spacing-sm, 1.5rem);grid-template-columns:minmax(0, 1fr);}.kb-row-layout-id46_04a248-4c > .kt-row-layout-overlay{opacity:0.30;}@media all and (max-width: 1024px){.kb-row-layout-id46_04a248-4c > .kt-row-column-wrap{grid-template-columns:minmax(0, 1fr);}}@media all and (max-width: 767px){.kb-row-layout-id46_04a248-4c > .kt-row-column-wrap{grid-template-columns:minmax(0, 1fr);}}<\/style><div class=\"kb-row-layout-wrap kb-row-layout-id46_04a248-4c alignnone wp-block-kadence-rowlayout\"><div class=\"kt-row-column-wrap kt-has-1-columns kt-row-layout-equal kt-tab-layout-inherit kt-mobile-layout-row kt-row-valign-top\">\n<style>.kadence-column46_f4e32a-b1 > .kt-inside-inner-col,.kadence-column46_f4e32a-b1 > .kt-inside-inner-col:before{border-top-left-radius:0px;border-top-right-radius:0px;border-bottom-right-radius:0px;border-bottom-left-radius:0px;}.kadence-column46_f4e32a-b1 > .kt-inside-inner-col{column-gap:var(--global-kb-gap-sm, 1rem);}.kadence-column46_f4e32a-b1 > .kt-inside-inner-col{flex-direction:column;}.kadence-column46_f4e32a-b1 > .kt-inside-inner-col > .aligncenter{width:100%;}.kadence-column46_f4e32a-b1 > .kt-inside-inner-col:before{opacity:0.3;}.kadence-column46_f4e32a-b1{position:relative;}@media all and (max-width: 1024px){.kadence-column46_f4e32a-b1 > .kt-inside-inner-col{flex-direction:column;justify-content:center;}}@media all and (max-width: 767px){.kadence-column46_f4e32a-b1 > .kt-inside-inner-col{flex-direction:column;justify-content:center;}}<\/style>\n<div class=\"wp-block-kadence-column kadence-column46_f4e32a-b1\"><div class=\"kt-inside-inner-col\"><style>.wp-block-kadence-advancedheading.kt-adv-heading46_c95e5b-c3, .wp-block-kadence-advancedheading.kt-adv-heading46_c95e5b-c3[data-kb-block=\"kb-adv-heading46_c95e5b-c3\"]{padding-top:0px;padding-bottom:var(--global-kb-spacing-xs, 1rem);text-align:center;font-style:normal;}.wp-block-kadence-advancedheading.kt-adv-heading46_c95e5b-c3 mark.kt-highlight, .wp-block-kadence-advancedheading.kt-adv-heading46_c95e5b-c3[data-kb-block=\"kb-adv-heading46_c95e5b-c3\"] mark.kt-highlight{font-style:normal;color:#f76a0c;-webkit-box-decoration-break:clone;box-decoration-break:clone;padding-top:0px;padding-right:0px;padding-bottom:0px;padding-left:0px;}.wp-block-kadence-advancedheading.kt-adv-heading46_c95e5b-c3 img.kb-inline-image, .wp-block-kadence-advancedheading.kt-adv-heading46_c95e5b-c3[data-kb-block=\"kb-adv-heading46_c95e5b-c3\"] img.kb-inline-image{width:150px;vertical-align:baseline;}<\/style>\n<h3 class=\"kt-adv-heading46_c95e5b-c3 wp-block-kadence-advancedheading\" data-kb-block=\"kb-adv-heading46_c95e5b-c3\">Our Qualification<\/h3>\n\n\n\n<figure class=\"wp-block-image size-full\"><img loading=\"lazy\" decoding=\"async\" width=\"1900\" height=\"800\" src=\"https:\/\/dry-ice-machines.com\/wp-content\/uploads\/2024\/04\/CETificate.jpg\" alt=\"\" class=\"wp-image-305\" srcset=\"https:\/\/dry-ice-machines.com\/wp-content\/uploads\/2024\/04\/CETificate.jpg 1900w, https:\/\/dry-ice-machines.com\/wp-content\/uploads\/2024\/04\/CETificate-480x202.jpg 480w, https:\/\/dry-ice-machines.com\/wp-content\/uploads\/2024\/04\/CETificate-720x303.jpg 720w, https:\/\/dry-ice-machines.com\/wp-content\/uploads\/2024\/04\/CETificate-768x323.jpg 768w, https:\/\/dry-ice-machines.com\/wp-content\/uploads\/2024\/04\/CETificate-1536x647.jpg 1536w\" sizes=\"auto, (max-width: 1900px) 100vw, 1900px\" \/><\/figure>\n<\/div><\/div>\n\n<\/div><\/div>","protected":false},"excerpt":{"rendered":"<p>Wer sind wir? Die Shuliy-Gruppe ist ein professioneller Hersteller im Bereich der Trockeneisproduktionsanlagen und -maschinen und bietet innovative L\u00f6sungen f\u00fcr viele Arten von Unternehmen, einschlie\u00dflich Lebensmittelverarbeitung, K\u00fchlkettenmanagement, Flugzeugverpflegung und anderen Branchen, um die Einsparungen von Zeit, Geld und Ressourcen f\u00fcr Unternehmen zu maximieren. Wir bieten hochmoderne Trockeneisproduktionssysteme\u2026<\/p>","protected":false},"author":1,"featured_media":0,"parent":0,"menu_order":0,"comment_status":"closed","ping_status":"closed","template":"","meta":{"_kad_blocks_custom_css":"","_kad_blocks_head_custom_js":"","_kad_blocks_body_custom_js":"","_kad_blocks_footer_custom_js":"","_kad_post_transparent":"","_kad_post_title":"","_kad_post_layout":"","_kad_post_sidebar_id":"","_kad_post_content_style":"","_kad_post_vertical_padding":"","_kad_post_feature":"","_kad_post_feature_position":"","_kad_post_header":false,"_kad_post_footer":false,"_kad_post_classname":"","footnotes":""},"class_list":["post-46","page","type-page","status-publish","hentry"],"taxonomy_info":[],"featured_image_src_large":false,"author_info":{"display_name":"Ella","author_link":"https:\/\/dry-ice-machines.com\/de\/author\/adminella\/"},"comment_info":"","_links":{"self":[{"href":"https:\/\/dry-ice-machines.com\/de\/wp-json\/wp\/v2\/pages\/46","targetHints":{"allow":["GET"]}}],"collection":[{"href":"https:\/\/dry-ice-machines.com\/de\/wp-json\/wp\/v2\/pages"}],"about":[{"href":"https:\/\/dry-ice-machines.com\/de\/wp-json\/wp\/v2\/types\/page"}],"author":[{"embeddable":true,"href":"https:\/\/dry-ice-machines.com\/de\/wp-json\/wp\/v2\/users\/1"}],"replies":[{"embeddable":true,"href":"https:\/\/dry-ice-machines.com\/de\/wp-json\/wp\/v2\/comments?post=46"}],"version-history":[{"count":0,"href":"https:\/\/dry-ice-machines.com\/de\/wp-json\/wp\/v2\/pages\/46\/revisions"}],"wp:attachment":[{"href":"https:\/\/dry-ice-machines.com\/de\/wp-json\/wp\/v2\/media?parent=46"}],"curies":[{"name":"wp","href":"https:\/\/api.w.org\/{rel}","templated":true}]}}