{"id":1029,"date":"2025-03-13T10:48:22","date_gmt":"2025-03-13T02:48:22","guid":{"rendered":"https:\/\/dry-ice-machines.com\/?page_id=1029"},"modified":"2025-03-13T11:04:54","modified_gmt":"2025-03-13T03:04:54","slug":"knowledge-of-dry-ice-blasting","status":"publish","type":"page","link":"https:\/\/dry-ice-machines.com\/de\/knowledge-of-dry-ice-blasting\/","title":{"rendered":"Allgemein Kenntnis des Trockeneissprenges"},"content":{"rendered":"<style>.kt-accordion-id1029_81fddf-48 .kt-accordion-inner-wrap{column-gap:var(--global-kb-gap-md, 2rem);row-gap:10px;}.kt-accordion-id1029_81fddf-48 .kt-accordion-panel-inner{border-top:0px solid transparent;border-right:1px solid transparent;border-bottom:1px solid transparent;border-left:1px solid transparent;background:#ffffff;padding-top:var(--global-kb-spacing-sm, 1.5rem);padding-right:var(--global-kb-spacing-sm, 1.5rem);padding-bottom:var(--global-kb-spacing-sm, 1.5rem);padding-left:var(--global-kb-spacing-sm, 1.5rem);}.kt-accordion-id1029_81fddf-48 > .kt-accordion-inner-wrap > .wp-block-kadence-pane > .kt-accordion-header-wrap > .kt-blocks-accordion-header{border-top:1px solid #eeeeee;border-right:1px solid #eeeeee;border-bottom:1px solid #eeeeee;border-left:2px solid #eeeeee;border-top-left-radius:0px;border-top-right-radius:0px;border-bottom-right-radius:0px;border-bottom-left-radius:0px;background:#ffffff;color:#444444;padding-top:14px;padding-right:16px;padding-bottom:14px;padding-left:16px;}.kt-accordion-id1029_81fddf-48:not( .kt-accodion-icon-style-basiccircle ):not( .kt-accodion-icon-style-xclosecircle ):not( .kt-accodion-icon-style-arrowcircle )  > .kt-accordion-inner-wrap > .wp-block-kadence-pane > .kt-accordion-header-wrap .kt-blocks-accordion-icon-trigger:after, .kt-accordion-id1029_81fddf-48:not( .kt-accodion-icon-style-basiccircle ):not( .kt-accodion-icon-style-xclosecircle ):not( .kt-accodion-icon-style-arrowcircle )  > .kt-accordion-inner-wrap > .wp-block-kadence-pane > .kt-accordion-header-wrap .kt-blocks-accordion-icon-trigger:before{background:#444444;}.kt-accordion-id1029_81fddf-48:not( .kt-accodion-icon-style-basic ):not( .kt-accodion-icon-style-xclose ):not( .kt-accodion-icon-style-arrow ) .kt-blocks-accordion-icon-trigger{background:#444444;}.kt-accordion-id1029_81fddf-48:not( .kt-accodion-icon-style-basic ):not( .kt-accodion-icon-style-xclose ):not( .kt-accodion-icon-style-arrow ) .kt-blocks-accordion-icon-trigger:after, .kt-accordion-id1029_81fddf-48:not( .kt-accodion-icon-style-basic ):not( .kt-accodion-icon-style-xclose ):not( .kt-accodion-icon-style-arrow ) .kt-blocks-accordion-icon-trigger:before{background:#ffffff;}.kt-accordion-id1029_81fddf-48 > .kt-accordion-inner-wrap > .wp-block-kadence-pane > .kt-accordion-header-wrap > .kt-blocks-accordion-header:hover,  \t\t\t\tbody:not(.hide-focus-outline) .kt-accordion-id1029_81fddf-48 .kt-blocks-accordion-header:focus-visible{color:#444444;background:#ffffff;border-top-color:#d4d4d4;border-top-style:solid;border-right-color:#d4d4d4;border-right-style:solid;border-bottom-color:#d4d4d4;border-bottom-style:solid;border-left-color:#d4d4d4;border-left-style:solid;}.kt-accordion-id1029_81fddf-48:not( .kt-accodion-icon-style-basiccircle ):not( .kt-accodion-icon-style-xclosecircle ):not( .kt-accodion-icon-style-arrowcircle ) .kt-accordion-header-wrap .kt-blocks-accordion-header:hover .kt-blocks-accordion-icon-trigger:after, .kt-accordion-id1029_81fddf-48:not( .kt-accodion-icon-style-basiccircle ):not( .kt-accodion-icon-style-xclosecircle ):not( .kt-accodion-icon-style-arrowcircle ) .kt-accordion-header-wrap .kt-blocks-accordion-header:hover .kt-blocks-accordion-icon-trigger:before, body:not(.hide-focus-outline) .kt-accordion-id1029_81fddf-48:not( .kt-accodion-icon-style-basiccircle ):not( .kt-accodion-icon-style-xclosecircle ):not( .kt-accodion-icon-style-arrowcircle ) .kt-blocks-accordion--visible .kt-blocks-accordion-icon-trigger:after, body:not(.hide-focus-outline) .kt-accordion-id1029_81fddf-48:not( .kt-accodion-icon-style-basiccircle ):not( .kt-accodion-icon-style-xclosecircle ):not( .kt-accodion-icon-style-arrowcircle ) .kt-blocks-accordion-header:focus-visible .kt-blocks-accordion-icon-trigger:before{background:#444444;}.kt-accordion-id1029_81fddf-48:not( .kt-accodion-icon-style-basic ):not( .kt-accodion-icon-style-xclose ):not( .kt-accodion-icon-style-arrow ) .kt-accordion-header-wrap .kt-blocks-accordion-header:hover .kt-blocks-accordion-icon-trigger, body:not(.hide-focus-outline) .kt-accordion-id1029_81fddf-48:not( .kt-accodion-icon-style-basic ):not( .kt-accodion-icon-style-xclose ):not( .kt-accodion-icon-style-arrow ) .kt-accordion-header-wrap .kt-blocks-accordion-header:focus-visible .kt-blocks-accordion-icon-trigger{background:#444444;}.kt-accordion-id1029_81fddf-48:not( .kt-accodion-icon-style-basic ):not( .kt-accodion-icon-style-xclose ):not( .kt-accodion-icon-style-arrow ) .kt-accordion-header-wrap .kt-blocks-accordion-header:hover .kt-blocks-accordion-icon-trigger:after, .kt-accordion-id1029_81fddf-48:not( .kt-accodion-icon-style-basic ):not( .kt-accodion-icon-style-xclose ):not( .kt-accodion-icon-style-arrow ) .kt-accordion-header-wrap .kt-blocks-accordion-header:hover .kt-blocks-accordion-icon-trigger:before, body:not(.hide-focus-outline) .kt-accordion-id1029_81fddf-48:not( .kt-accodion-icon-style-basic ):not( .kt-accodion-icon-style-xclose ):not( .kt-accodion-icon-style-arrow ) .kt-accordion-header-wrap .kt-blocks-accordion-header:focus-visible .kt-blocks-accordion-icon-trigger:after, body:not(.hide-focus-outline) .kt-accordion-id1029_81fddf-48:not( .kt-accodion-icon-style-basic ):not( .kt-accodion-icon-style-xclose ):not( .kt-accodion-icon-style-arrow ) .kt-accordion-header-wrap .kt-blocks-accordion-header:focus-visible .kt-blocks-accordion-icon-trigger:before{background:#ffffff;}.kt-accordion-id1029_81fddf-48 .kt-accordion-header-wrap .kt-blocks-accordion-header:focus-visible, \t\t\t\t.kt-accordion-id1029_81fddf-48 > .kt-accordion-inner-wrap > .wp-block-kadence-pane > .kt-accordion-header-wrap > .kt-blocks-accordion-header.kt-accordion-panel-active{color:#444444;background:#ffffff;border-top-color:#eeeeee;border-top-style:solid;border-right-color:#eeeeee;border-right-style:solid;border-bottom-color:#eeeeee;border-bottom-style:solid;border-left-color:#0e9cd1;border-left-style:solid;}.kt-accordion-id1029_81fddf-48:not( .kt-accodion-icon-style-basiccircle ):not( .kt-accodion-icon-style-xclosecircle ):not( .kt-accodion-icon-style-arrowcircle )  > .kt-accordion-inner-wrap > .wp-block-kadence-pane > .kt-accordion-header-wrap > .kt-blocks-accordion-header.kt-accordion-panel-active .kt-blocks-accordion-icon-trigger:after, .kt-accordion-id1029_81fddf-48:not( .kt-accodion-icon-style-basiccircle ):not( .kt-accodion-icon-style-xclosecircle ):not( .kt-accodion-icon-style-arrowcircle )  > .kt-accordion-inner-wrap > .wp-block-kadence-pane > .kt-accordion-header-wrap > .kt-blocks-accordion-header.kt-accordion-panel-active .kt-blocks-accordion-icon-trigger:before{background:#444444;}.kt-accordion-id1029_81fddf-48:not( .kt-accodion-icon-style-basic ):not( .kt-accodion-icon-style-xclose ):not( .kt-accodion-icon-style-arrow ) .kt-blocks-accordion-header.kt-accordion-panel-active .kt-blocks-accordion-icon-trigger{background:#444444;}.kt-accordion-id1029_81fddf-48:not( .kt-accodion-icon-style-basic ):not( .kt-accodion-icon-style-xclose ):not( .kt-accodion-icon-style-arrow ) .kt-blocks-accordion-header.kt-accordion-panel-active .kt-blocks-accordion-icon-trigger:after, .kt-accordion-id1029_81fddf-48:not( .kt-accodion-icon-style-basic ):not( .kt-accodion-icon-style-xclose ):not( .kt-accodion-icon-style-arrow ) .kt-blocks-accordion-header.kt-accordion-panel-active .kt-blocks-accordion-icon-trigger:before{background:#ffffff;}@media all and (max-width: 1024px){.kt-accordion-id1029_81fddf-48 .kt-accordion-panel-inner{border-top:0px solid transparent;border-right:1px solid transparent;border-bottom:1px solid transparent;border-left:1px solid transparent;}}@media all and (max-width: 1024px){.kt-accordion-id1029_81fddf-48 > .kt-accordion-inner-wrap > .wp-block-kadence-pane > .kt-accordion-header-wrap > .kt-blocks-accordion-header{border-top:1px solid #eeeeee;border-right:1px solid #eeeeee;border-bottom:1px solid #eeeeee;border-left:2px solid #eeeeee;}}@media all and (max-width: 1024px){.kt-accordion-id1029_81fddf-48 > .kt-accordion-inner-wrap > .wp-block-kadence-pane > .kt-accordion-header-wrap > .kt-blocks-accordion-header:hover,  \t\t\t\tbody:not(.hide-focus-outline) .kt-accordion-id1029_81fddf-48 .kt-blocks-accordion-header:focus-visible{border-top-color:#d4d4d4;border-top-style:solid;border-right-color:#d4d4d4;border-right-style:solid;border-bottom-color:#d4d4d4;border-bottom-style:solid;border-left-color:#d4d4d4;border-left-style:solid;}}@media all and (max-width: 1024px){.kt-accordion-id1029_81fddf-48 .kt-accordion-header-wrap .kt-blocks-accordion-header:focus-visible, \t\t\t\t.kt-accordion-id1029_81fddf-48 > .kt-accordion-inner-wrap > .wp-block-kadence-pane > .kt-accordion-header-wrap > .kt-blocks-accordion-header.kt-accordion-panel-active{border-top-color:#eeeeee;border-top-style:solid;border-right-color:#eeeeee;border-right-style:solid;border-bottom-color:#eeeeee;border-bottom-style:solid;border-left-color:#0e9cd1;border-left-style:solid;}}@media all and (max-width: 767px){.kt-accordion-id1029_81fddf-48 .kt-accordion-inner-wrap{display:block;}.kt-accordion-id1029_81fddf-48 .kt-accordion-inner-wrap .kt-accordion-pane:not(:first-child){margin-top:10px;}.kt-accordion-id1029_81fddf-48 .kt-accordion-panel-inner{border-top:0px solid transparent;border-right:1px solid transparent;border-bottom:1px solid transparent;border-left:1px solid transparent;}.kt-accordion-id1029_81fddf-48 > .kt-accordion-inner-wrap > .wp-block-kadence-pane > .kt-accordion-header-wrap > .kt-blocks-accordion-header{border-top:1px solid #eeeeee;border-right:1px solid #eeeeee;border-bottom:1px solid #eeeeee;border-left:2px solid #eeeeee;}.kt-accordion-id1029_81fddf-48 > .kt-accordion-inner-wrap > .wp-block-kadence-pane > .kt-accordion-header-wrap > .kt-blocks-accordion-header:hover,  \t\t\t\tbody:not(.hide-focus-outline) .kt-accordion-id1029_81fddf-48 .kt-blocks-accordion-header:focus-visible{border-top-color:#d4d4d4;border-top-style:solid;border-right-color:#d4d4d4;border-right-style:solid;border-bottom-color:#d4d4d4;border-bottom-style:solid;border-left-color:#d4d4d4;border-left-style:solid;}.kt-accordion-id1029_81fddf-48 .kt-accordion-header-wrap .kt-blocks-accordion-header:focus-visible, \t\t\t\t.kt-accordion-id1029_81fddf-48 > .kt-accordion-inner-wrap > .wp-block-kadence-pane > .kt-accordion-header-wrap > .kt-blocks-accordion-header.kt-accordion-panel-active{border-top-color:#eeeeee;border-top-style:solid;border-right-color:#eeeeee;border-right-style:solid;border-bottom-color:#eeeeee;border-bottom-style:solid;border-left-color:#0e9cd1;border-left-style:solid;}}<\/style> <div class=\"wp-block-kadence-accordion alignnone\"><div class=\"kt-accordion-wrap kt-accordion-id1029_81fddf-48 kt-accordion-has-5-panes kt-active-pane-0 kt-accordion-block kt-pane-header-alignment-left kt-accodion-icon-style-arrow kt-accodion-icon-side-right\" style=\"max-width:none\"><div class=\"kt-accordion-inner-wrap\" data-allow-multiple-open=\"false\" data-start-open=\"0\"> <div class=\"wp-block-kadence-pane kt-accordion-pane kt-accordion-pane-1 kt-pane1029_6d4694-1e\"><div class=\"kt-accordion-header-wrap\"><button class=\"kt-blocks-accordion-header kt-acccordion-button-label-show\" type=\"button\"><span class=\"kt-blocks-accordion-title-wrap\"><span class=\"kt-blocks-accordion-title\">Was ist Trockeneissprengung? Was ist Trockeneisreinigung?<\/span><\/span><span class=\"kt-blocks-accordion-icon-trigger\"><\/span><\/button><\/div><div class=\"kt-accordion-panel kt-accordion-panel-hidden\"><div class=\"kt-accordion-panel-inner\"> <ul class=\"wp-block-list\"> <li>Das Trockeneisspreng verwendet Druckluft, um trockene Eispellets mit hohen Geschwindigkeiten auf Oberfl\u00e4chen zu sprengen, um Schmutz durch extrem niedrige Temperaturen und Aufprall zu entfernen.<\/li>    <li>Trockeneisreinigung: Ist eine Anwendung von Trockeneissprengungen, die speziell zum Reinigen von Ger\u00e4ten, Formen usw. ausgelegt sind.<\/li> <\/ul> <\/div><\/div><\/div>    <div class=\"wp-block-kadence-pane kt-accordion-pane kt-accordion-pane-2 kt-pane1029_f10fc7-fc\"><div class=\"kt-accordion-header-wrap\"><button class=\"kt-blocks-accordion-header kt-acccordion-button-label-show\" type=\"button\"><span class=\"kt-blocks-accordion-title-wrap\"><span class=\"kt-blocks-accordion-title\">Wie reinigt Trockeneis?<\/span><\/span><span class=\"kt-blocks-accordion-icon-trigger\"><\/span><\/button><\/div><div class=\"kt-accordion-panel kt-accordion-panel-hidden\"><div class=\"kt-accordion-panel-inner\"> <p>Shuliy Trockeneisstrahlmaschinen verwenden Druckluft, um Trockeneispellets auf eine Geschwindigkeit von ungef\u00e4hr 300 Metern pro Sekunde zu beschleunigen. Die Pellets trafen das zu reinigende Objekt. Der Schmutz auf der Oberfl\u00e4che des Objekts schrumpft, wird spr\u00f6de und risst, und weil die Oberfl\u00e4chenrisse unter dem Schmutz reichen und ihn entfernen k\u00f6nnen. Unmittelbar nach dem Aufprall erhaben die Partikel als reines Gas (CO 2) in die Atmosph\u00e4re, wodurch keine Feuchtigkeit zur\u00fcckgelassen wird. Das einzige, was \u00fcbrig bleibt, ist die von der Oberfl\u00e4che entfernte Beschichtung\/Schmutz. Aufgrund der geringen H\u00e4rte der Pellets ist die Oberfl\u00e4che des Objekts nach dem Sprengen nicht beeinflusst.<\/p> <\/div><\/div><\/div>    <div class=\"wp-block-kadence-pane kt-accordion-pane kt-accordion-pane-3 kt-pane1029_ca6ad3-84\"><div class=\"kt-accordion-header-wrap\"><button class=\"kt-blocks-accordion-header kt-acccordion-button-label-show\" type=\"button\"><span class=\"kt-blocks-accordion-title-wrap\"><span class=\"kt-blocks-accordion-title\">Was ist die Anwendung der Shuliy Trockeneis -Sprengmaschine?<\/span><\/span><span class=\"kt-blocks-accordion-icon-trigger\"><\/span><\/button><\/div><div class=\"kt-accordion-panel kt-accordion-panel-hidden\"><div class=\"kt-accordion-panel-inner\"> <p class=\"translation-block\">Trockeneisstrahlen entfernt im Wesentlichen alle Materialien, die stark auf Temperaturunterschiede reagieren. Farben, Lacke, Klebstoffe, \u00d6le, Wachse, Asphalt usw. k\u00f6nnen alle leicht entfernt werden, ohne die Oberfl\u00e4che zu besch\u00e4digen oder zu ver\u00e4ndern. Da die Shuliy <a href=\"https:\/\/dry-ice-machines.com\/dry-ice-cleaning\/\">Trockeneisstrahlmaschine<\/a> praktisch keinen Verschlei\u00df verursacht, wird diese Technologie besonders f\u00fcr eine sanfte und effektive Reinigung aller Arten von Materialien in allen Branchen empfohlen, wie z.B. Motorenteile, Automobiloberfl\u00e4chen, Transformatoren, Isolatoren, Spritzgussformen, Waffelbackformen usw..<\/p> <\/div><\/div><\/div>    <div class=\"wp-block-kadence-pane kt-accordion-pane kt-accordion-pane-5 kt-pane1029_295e5c-64\"><div class=\"kt-accordion-header-wrap\"><button class=\"kt-blocks-accordion-header kt-acccordion-button-label-show\" type=\"button\"><span class=\"kt-blocks-accordion-title-wrap\"><span class=\"kt-blocks-accordion-title\">Shuliy Trockeneisreinigung: Ber\u00fccksichtigen Sie jeden Aspekt f\u00fcr Sie<\/span><\/span><span class=\"kt-blocks-accordion-icon-trigger\"><\/span><\/button><\/div><div class=\"kt-accordion-panel kt-accordion-panel-hidden\"><div class=\"kt-accordion-panel-inner\"> <p class=\"translation-block\">Shuliy ist auf die Bereitstellung personalisierter und vollst\u00e4ndiger L\u00f6sungen spezialisiert, um die spezifischen Bed\u00fcrfnisse unserer Kunden zu erf\u00fcllen. Diese personalisierten L\u00f6sungen k\u00f6nnen mit einer Trockeneisstrahlmaschine beginnen. Wir empfehlen verschiedene Trockeneis-Reinigungsmaschinen, je nach Ihrem Nutzungsszenario. Shuliy bietet auch <a href=\"https:\/\/dry-ice-machines.com\/dry-ice-pellet-making-machine\/\">Trockeneis-Pelletmaschinen<\/a> an, um die Bed\u00fcrfnisse Ihrer internen Rohstoffproduktion zu erf\u00fcllen und so Einkaufs- und Transportkosten zu senken.<\/p> <\/div><\/div><\/div>    <div class=\"wp-block-kadence-pane kt-accordion-pane kt-accordion-pane-4 kt-pane1029_d134d9-0c\"><div class=\"kt-accordion-header-wrap\"><button class=\"kt-blocks-accordion-header kt-acccordion-button-label-show\" type=\"button\"><span class=\"kt-blocks-accordion-title-wrap\"><span class=\"kt-blocks-accordion-title\">Wie viel kostet das Trockeneis -Spreng?<\/span><\/span><span class=\"kt-blocks-accordion-icon-trigger\"><\/span><\/button><\/div><div class=\"kt-accordion-panel kt-accordion-panel-hidden\"><div class=\"kt-accordion-panel-inner\"> <ul class=\"wp-block-list\"> <li>Erstinvestition: Trockeneissprengmaschinen und Luftkompressoren erfordern einige Investitionen. Der genaue Preis variiert je nach Blaster -Maschine des Trockeneis.<\/li>    <li>Kosteneinsparungen: Sparen Sie den chemischen Gebrauch und die Arbeitskosten bei der traditionellen Reinigung.<\/li> <\/ul> <\/div><\/div><\/div> <\/div><\/div><\/div>","protected":false},"excerpt":{"rendered":"","protected":false},"author":1,"featured_media":0,"parent":0,"menu_order":0,"comment_status":"closed","ping_status":"closed","template":"","meta":{"_kad_blocks_custom_css":"","_kad_blocks_head_custom_js":"","_kad_blocks_body_custom_js":"","_kad_blocks_footer_custom_js":"","_kad_post_transparent":"","_kad_post_title":"","_kad_post_layout":"","_kad_post_sidebar_id":"","_kad_post_content_style":"","_kad_post_vertical_padding":"","_kad_post_feature":"","_kad_post_feature_position":"","_kad_post_header":false,"_kad_post_footer":false,"_kad_post_classname":"","footnotes":""},"class_list":["post-1029","page","type-page","status-publish","hentry"],"taxonomy_info":[],"featured_image_src_large":false,"author_info":{"display_name":"Ella","author_link":"https:\/\/dry-ice-machines.com\/de\/author\/adminella\/"},"comment_info":"","_links":{"self":[{"href":"https:\/\/dry-ice-machines.com\/de\/wp-json\/wp\/v2\/pages\/1029","targetHints":{"allow":["GET"]}}],"collection":[{"href":"https:\/\/dry-ice-machines.com\/de\/wp-json\/wp\/v2\/pages"}],"about":[{"href":"https:\/\/dry-ice-machines.com\/de\/wp-json\/wp\/v2\/types\/page"}],"author":[{"embeddable":true,"href":"https:\/\/dry-ice-machines.com\/de\/wp-json\/wp\/v2\/users\/1"}],"replies":[{"embeddable":true,"href":"https:\/\/dry-ice-machines.com\/de\/wp-json\/wp\/v2\/comments?post=1029"}],"version-history":[{"count":0,"href":"https:\/\/dry-ice-machines.com\/de\/wp-json\/wp\/v2\/pages\/1029\/revisions"}],"wp:attachment":[{"href":"https:\/\/dry-ice-machines.com\/de\/wp-json\/wp\/v2\/media?parent=1029"}],"curies":[{"name":"wp","href":"https:\/\/api.w.org\/{rel}","templated":true}]}}